{"id":1048,"date":"2023-11-17T10:14:02","date_gmt":"2023-11-17T09:14:02","guid":{"rendered":"http:\/\/localhost\/local\/?page_id=1048"},"modified":"2025-11-25T12:39:00","modified_gmt":"2025-11-25T11:39:00","slug":"mot-du-dg","status":"publish","type":"page","link":"https:\/\/sodexam.com\/?page_id=1048","title":{"rendered":"MOT DU DG"},"content":{"rendered":"\t\t<div data-elementor-type=\"wp-page\" data-elementor-id=\"1048\" class=\"elementor elementor-1048\" data-elementor-post-type=\"page\">\n\t\t\t\t<div class=\"elementor-element elementor-element-c690bde e-flex e-con-boxed e-con e-parent\" data-id=\"c690bde\" data-element_type=\"container\" data-e-type=\"container\">\n\t\t\t\t\t<div class=\"e-con-inner\">\n\t\t\t\t<div class=\"elementor-element elementor-element-d0a773f elementor-widget__width-initial elementor-widget elementor-widget-image\" data-id=\"d0a773f\" data-element_type=\"widget\" data-e-type=\"widget\" data-widget_type=\"image.default\">\n\t\t\t\t<div class=\"elementor-widget-container\">\n\t\t\t\t\t\t\t\t\t\t\t\t\t\t\t<img fetchpriority=\"high\" decoding=\"async\" width=\"630\" height=\"510\" src=\"https:\/\/sodexam.com\/wp-content\/uploads\/2024\/12\/Edito.png\" class=\"attachment-large size-large wp-image-4000\" alt=\"\" srcset=\"https:\/\/sodexam.com\/wp-content\/uploads\/2024\/12\/Edito.png 630w, https:\/\/sodexam.com\/wp-content\/uploads\/2024\/12\/Edito-300x243.png 300w, https:\/\/sodexam.com\/wp-content\/uploads\/2024\/12\/Edito-600x486.png 600w\" sizes=\"(max-width: 630px) 100vw, 630px\" \/>\t\t\t\t\t\t\t\t\t\t\t\t\t\t\t<\/div>\n\t\t\t\t<\/div>\n\t\t\t\t<div class=\"elementor-element elementor-element-a815a97 elementor-widget elementor-widget-text-editor\" data-id=\"a815a97\" data-element_type=\"widget\" data-e-type=\"widget\" data-widget_type=\"text-editor.default\">\n\t\t\t\t<div class=\"elementor-widget-container\">\n\t\t\t\t\t\t\t\t\t<p><strong>Chers coll\u00e8gues,<\/strong><\/p><p>Apr\u00e8s plus de 24 mois de travaux, nous avons enfin notre nouveau si\u00e8ge, le b\u00e2timent \u00ab G\u00e9n\u00e9ral Abdoulaye Coulibaly \u00bb. Nous nous y installerons tr\u00e8s bient\u00f4t pour poursuivre notre ambition de positionner la SODEXAM comme le leader de l\u2019Afrique de l\u2019Ouest dans l\u2019exploitation et le d\u00e9veloppement a\u00e9roportuaire, a\u00e9ronautique et m\u00e9t\u00e9orologique, tout en garantissant un impact positif sur l\u2019environnement, une gestion responsable des ressources et une gouvernance \u00e9thique exemplaire.<\/p><p>C\u2019est avec fiert\u00e9, soulagement et satisfaction que nous l\u2019avons inaugur\u00e9 le jeudi 09 octobre 2025 en pr\u00e9sence de Monsieur T\u00e9n\u00e9 Birahima OUATTARA, Ministre d\u2019\u00c9tat, ministre de la D\u00e9fense, de Monsieur Amadou KONE, Ministre des Transports, de Monsieur Amadou Coulibaly, Ministre de la Communication, de Monsieur Abel Djohor\u00e9, PCA de SODEXAM, du G\u00e9n\u00e9ral AbdoulayeCoulibaly, PCA d\u2019AIR CI et AERIA, ainsi que de tous nos prestigieux invit\u00e9s et amis de la presse. Ce nouveau si\u00e8ge marque une \u00e9tape importante dans le d\u00e9veloppement de notre entreprise. Il porte fi\u00e8rement le nom d\u2019un grand homme du monde de l\u2019aviation civile et militaire en C\u00f4te d\u2019Ivoire, le G\u00e9n\u00e9ral Abdoulaye Coulibaly. Premier Ivoirien ing\u00e9nieur de l\u2019\u00c9cole de l\u2019Air, premier pilote militaire, premier officier ivoirien commandant du GATL, premier pilote national du Pr\u00e9sident Houphou\u00ebt Boigny, le g\u00e9n\u00e9ral COULIBALY Abdoulaye demeure une r\u00e9f\u00e9rence. Il est d\u2019un soutien inestimable dans ma mission \u00e0 la t\u00eate de la SODEXAM. En baptisant ce si\u00e8ge de son nom apr\u00e8s les b\u00e2timents d\u00e9di\u00e9s \u00e0 Savan\u00e9 Vassiriki, Sinaly Siloe et Georges Philippe Ezaley, nous rendons hommage \u00e0 ceux qui ont port\u00e9 l\u2019aviation civile ivoirienne. Ce b\u00e2timent nous repr\u00e9sente bien plus qu\u2019un simple lieu de travail. Il incarne notre vision, nos valeurs et nos ambitions pour les d\u00e9cennies \u00e0 venir. Ses lignes architecturales audacieuses refl\u00e8tent l\u2019esprit d\u2019innovation qui nous anime, tandis que sa fonctionnalit\u00e9 r\u00e9pond aux exigences des m\u00e9thodes de travail contemporaines.<\/p><p>La d\u00e9cision de construire ce nouveau si\u00e8ge remonte \u00e0 2019, lorsque je visitais les bureaux \u00e0 ma prise de fonction. Nos locaux des ann\u00e9es 90 ne r\u00e9pondaient plus aux exigences et attentes de la SODEXAM des ann\u00e9es 2000. La croissance de nos activit\u00e9s a rendu nos anciens locaux trop exigus. Pour y rem\u00e9dier, nous avons lanc\u00e9 le \u00ab Pacte \u00bb, un plan d\u2019am\u00e9lioration des conditions de travail. Ce qui a permis de cr\u00e9er un environnement propice \u00e0 la cr\u00e9ativit\u00e9 et \u00e0 l\u2019\u00e9panouissement professionnel autour de trois axes : l\u2019am\u00e9lioration de l\u2019environnement de travail, l\u2019optimisation des ressources humaines et le renforcement du dialogue social. Nous avons donc fait le choix fort de rester ici, d\u2019utiliser cet espace dans ce territoire a\u00e9roportuaire d\u2019Abidjan qui nous a vus na\u00eetre et grandir, et d\u2019y renforcer notre.<\/p><p><strong>Chers coll\u00e8gues, <\/strong><\/p><p>Pr\u00e9sence en construisant ce b\u00e2timent embl\u00e9matique. Ce projet architectural a d\u2019abord \u00e9t\u00e9 con\u00e7u pour votre bien-\u00eatre, avec des espaces de travail ergonomiques, lumineux et modulables, compl\u00e9t\u00e9s par des zones de r\u00e9union et de cr\u00e9ativit\u00e9. Ensuite, l\u2019excellence environnementale avec un b\u00e2timent \u00e0 \u00e9nergie positive qui va stimuler l\u2019innovation. Enfin, l\u2019ouverture sur l\u2019ext\u00e9rieur avec des espaces partag\u00e9s accessibles \u00e0 tous. Tout ceci s\u2019inscrit dans notre vision de positionner la SODEXAM comme le leader en Afrique de l\u2019Ouest dans le domaine de l\u2019a\u00e9roportuaire, l\u2019a\u00e9ronautique, la gestion a\u00e9roportuaire et de la m\u00e9t\u00e9orologique, et plus particuli\u00e8rement dans notre strat\u00e9gie 2023-2025 qui b\u00e9n\u00e9ficie du soutien ind\u00e9fectible du Pr\u00e9sident de la R\u00e9publique, SEM Alassane Ouattara \u00e0 travers Monsieur Amadou Kon\u00e9, Ministre des Transports, notre Ministre de tutelle dont nous b\u00e9n\u00e9ficions du leadership et du soutien constant pour nos initiatives de gouvernance et de performance. La construction de ce si\u00e8ge social a mobilis\u00e9 des comp\u00e9tences diverses pendant la dur\u00e9e des travaux. Du cabinet d\u2019architectes aux entreprises de construction, en passant par les bureaux d\u2019\u00e9tudes sp\u00e9cialis\u00e9s.<strong>\u00a0<\/strong><\/p><p>Ce sont principalement des acteurs \u00e9conomiques locaux qui ont contribu\u00e9 \u00e0 ce projet, g\u00e9n\u00e9rant ainsi des retomb\u00e9es significatives pour l\u2019\u00e9conomie r\u00e9gionale. Pour les membres du comit\u00e9 de direction et les agents qui int\u00e9greront ces locaux, ce nouveau cadre de travail marque aussi une \u00e9volution de notre culture d\u2019entreprise. Avoir tous les membres du CODIR sur le m\u00eame b\u00e2timent, va encourager les \u00e9changes, les rencontres informelles et favoriser l\u2019\u00e9mergence d\u2019id\u00e9es nouvelles. Un grand merci \u00e0 nos partenaires financiers qui ont cru en ce projet et ont accept\u00e9 de nous accompagner dans cet investissement cons\u00e9quent. Cette confiance t\u00e9moigne de la solidit\u00e9 de notre entreprise et de la pertinence de notre strat\u00e9gie de d\u00e9veloppement \u00e0 long terme. Ma gratitude va \u00e9galement aux \u00e9quipes internes de la SODEXAM qui ont contribu\u00e9 \u00e0 la r\u00e9alisation du projet. Leurs r\u00e9flexions et leurs suggestions ont largement contribu\u00e9 \u00e0 faire de ce b\u00e2timent un outil parfaitement adapt\u00e9 \u00e0 nos besoins actuels et futurs. J\u2019exprime \u00e9galement ma profonde gratitude au PCA Abel Djohor\u00e9 et son Conseil d\u2019administration.<\/p><p>Chers coll\u00e8gues,<\/p><p>Que ces murs soient t\u00e9moins de nombreux succ\u00e8s \u00e0 venir, d\u2019innovations marquantes et de moments de partage qui renforceront encore notre coh\u00e9sion et notre performance collective. Je nous engage tous autant que nous sommes \u00e0 prendre soin de ce b\u00e2timent qui marque un tournant dans l\u2019histoire de notre entreprise, 28 ans apr\u00e8s sa cr\u00e9ation. Nous avons fait du chemin et il reste encore beaucoup \u00e0 faire pour le d\u00e9veloppement de notre ch\u00e8re nation, comme pr\u00f4n\u00e9 par le Pr\u00e9sident de la R\u00e9publique, Son Excellence Alassane Ouattara. Je r\u00e9it\u00e8re notre engagement \u00e0 continuer \u00e0 faire de la SODEXAM un mod\u00e8le d\u2019excellence et d\u2019innovation.<\/p><p>Chers coll\u00e8gues,<\/p><p>Pour atteindre ces objectifs, nous devons \u00e9galement veiller \u00e0 notre sant\u00e9 et \u00e0 notre bien-\u00eatre. Dans cette optique, nous avons organis\u00e9 en octobre, une campagne de sensibilisation sur les cancers du sein et du col de l\u2019ut\u00e9rus, avec des d\u00e9pistages gratuits offerts aux femmes de la SODEXAM et de celles l\u2019UFACI.<\/p><p>En novembre, nous mettrons en place des actions pour la sensibilisation \u00e0 la lutte contre le cancer de la prostate, une maladie qui touche les hommes, surtout dans la derni\u00e8re d\u00e9cennie de leur carri\u00e8re, une p\u00e9riode cruciale o\u00f9 ils peuvent apporter leur expertise pr\u00e9cieuse \u00e0 notre entreprise. Je vous encourage tous \u00e0 prendre soin de vous et de vos proches. Travaillons avec d\u00e9termination et poursuivons notre qu\u00eate d\u2019excellence. Les d\u00e9fis qui nous attendent seront sans aucun doute importants, mais je reste convaincu qu\u2019ensemble, nous saurons les surmonter et continuer notre progression.<\/p><p>Assurez vous \u00e9galement de prendre le temps de vous ressourcer et de recharger vos batteries. Votre \u00e9nergie et votre engagement sont des \u00e9l\u00e9ments essentiels pour que nous puissions cl\u00f4turer 2025 avec succ\u00e8s et entamer 2026 avec des objectifs plus grands.<\/p><p>Ensemble, faisons de la SODEXAM un mod\u00e8le d\u2019excellence, fort de notre diversit\u00e9 et de notre engagement commun.<\/p><p>Merci pour votre d\u00e9vouement et votre passion.<\/p><p><strong>\u00a0 \u00a0 \u00a0 \u00a0 \u00a0 \u00a0 \u00a0 \u00a0 \u00a0 \u00a0 \u00a0 \u00a0 \u00a0 \u00a0 \u00a0 \u00a0 \u00a0 \u00a0 \u00a0 \u00a0 \u00a0 \u00a0 \u00a0 \u00a0 \u00a0 \u00a0 \u00a0 \u00a0 \u00a0 \u00a0 \u00a0 \u00a0 \u00a0 \u00a0 \u00a0 \u00a0 \u00a0 \u00a0 \u00a0 \u00a0 \u00a0 \u00a0 \u00a0 \u00a0 \u00a0 \u00a0 \u00a0 \u00a0 \u00a0 \u00a0 \u00a0 \u00a0 \u00a0 \u00a0 \u00a0 \u00a0 \u00a0 \u00a0 \u00a0 \u00a0 \u00a0 \u00a0 \u00a0 \u00a0 \u00a0 \u00a0 \u00a0 \u00a0 \u00a0 \u00a0 \u00a0 \u00a0 \u00a0 \u00a0 \u00a0 \u00a0 \u00a0 \u00a0 \u00a0 \u00a0 \u00a0 \u00a0 \u00a0 \u00a0 \u00a0 \u00a0 \u00a0 \u00a0 \u00a0 \u00a0 \u00a0Jean-Louis MOULOT <\/strong><em>\u00a0 \u00a0 \u00a0 \u00a0 \u00a0 \u00a0 \u00a0 \u00a0 \u00a0 \u00a0 \u00a0 \u00a0 \u00a0 \u00a0 \u00a0 \u00a0 \u00a0 \u00a0 \u00a0 \u00a0 \u00a0 \u00a0 \u00a0 \u00a0 \u00a0 \u00a0 \u00a0 \u00a0 \u00a0 \u00a0 \u00a0 \u00a0 \u00a0 \u00a0 \u00a0 \u00a0 \u00a0 \u00a0 \u00a0 \u00a0 \u00a0 \u00a0 \u00a0 \u00a0 \u00a0 \u00a0 \u00a0 \u00a0 \u00a0 \u00a0 \u00a0 \u00a0 \u00a0 \u00a0 \u00a0 \u00a0 \u00a0 \u00a0 \u00a0 \u00a0 \u00a0 \u00a0 \u00a0 \u00a0 \u00a0 \u00a0 \u00a0 \u00a0 \u00a0 \u00a0 \u00a0 \u00a0 \u00a0 \u00a0 \u00a0 \u00a0 \u00a0 \u00a0 \u00a0 \u00a0 \u00a0 \u00a0 \u00a0 \u00a0 \u00a0 \u00a0 \u00a0 \u00a0 \u00a0 \u00a0 \u00a0 \u00a0 \u00a0 \u00a0 \u00a0 \u00a0 \u00a0 Directeur G\u00e9n\u00e9ral<\/em><\/p>\t\t\t\t\t\t\t\t<\/div>\n\t\t\t\t<\/div>\n\t\t\t\t\t<\/div>\n\t\t\t\t<\/div>\n\t\t<div class=\"elementor-element elementor-element-b606ae2 e-flex e-con-boxed e-con e-parent\" data-id=\"b606ae2\" data-element_type=\"container\" data-e-type=\"container\">\n\t\t\t\t\t<div class=\"e-con-inner\">\n\t\t\t\t\t<\/div>\n\t\t\t\t<\/div>\n\t\t\t\t<\/div>\n\t\t","protected":false},"excerpt":{"rendered":"<p>Chers coll\u00e8gues, Apr\u00e8s plus de 24 mois de travaux, nous avons enfin notre nouveau si\u00e8ge, le b\u00e2timent \u00ab G\u00e9n\u00e9ral Abdoulaye Coulibaly \u00bb. Nous nous y installerons tr\u00e8s bient\u00f4t pour poursuivre notre ambition de positionner la SODEXAM comme le leader de l\u2019Afrique de l\u2019Ouest dans l\u2019exploitation et le d\u00e9veloppement a\u00e9roportuaire, a\u00e9ronautique et m\u00e9t\u00e9orologique, tout en garantissant [&hellip;]<\/p>\n","protected":false},"author":1,"featured_media":0,"parent":0,"menu_order":0,"comment_status":"closed","ping_status":"closed","template":"","meta":{"footnotes":""},"class_list":["post-1048","page","type-page","status-publish","hentry"],"_links":{"self":[{"href":"https:\/\/sodexam.com\/index.php?rest_route=\/wp\/v2\/pages\/1048","targetHints":{"allow":["GET"]}}],"collection":[{"href":"https:\/\/sodexam.com\/index.php?rest_route=\/wp\/v2\/pages"}],"about":[{"href":"https:\/\/sodexam.com\/index.php?rest_route=\/wp\/v2\/types\/page"}],"author":[{"embeddable":true,"href":"https:\/\/sodexam.com\/index.php?rest_route=\/wp\/v2\/users\/1"}],"replies":[{"embeddable":true,"href":"https:\/\/sodexam.com\/index.php?rest_route=%2Fwp%2Fv2%2Fcomments&post=1048"}],"version-history":[{"count":28,"href":"https:\/\/sodexam.com\/index.php?rest_route=\/wp\/v2\/pages\/1048\/revisions"}],"predecessor-version":[{"id":4089,"href":"https:\/\/sodexam.com\/index.php?rest_route=\/wp\/v2\/pages\/1048\/revisions\/4089"}],"wp:attachment":[{"href":"https:\/\/sodexam.com\/index.php?rest_route=%2Fwp%2Fv2%2Fmedia&parent=1048"}],"curies":[{"name":"wp","href":"https:\/\/api.w.org\/{rel}","templated":true}]}}