{"id":1050,"date":"2023-11-17T10:15:59","date_gmt":"2023-11-17T09:15:59","guid":{"rendered":"http:\/\/localhost\/local\/?page_id=1050"},"modified":"2025-12-29T11:52:38","modified_gmt":"2025-12-29T10:52:38","slug":"direction","status":"publish","type":"page","link":"https:\/\/sodexam.com\/?page_id=1050","title":{"rendered":"COMITE DE DIRECTION"},"content":{"rendered":"\t\t<div data-elementor-type=\"wp-page\" data-elementor-id=\"1050\" class=\"elementor elementor-1050\" data-elementor-post-type=\"page\">\n\t\t\t\t<div class=\"elementor-element elementor-element-e0f856f e-flex e-con-boxed e-con e-parent\" data-id=\"e0f856f\" data-element_type=\"container\" data-e-type=\"container\">\n\t\t\t\t\t<div class=\"e-con-inner\">\n\t\t\t\t\t<\/div>\n\t\t\t\t<\/div>\n\t\t\t\t<\/div>\n\t\t","protected":false},"excerpt":{"rendered":"<p>Mr. Jean-Louis MOULOT Directeur G\u00e9n\u00e9ral Mme COULIBALY Esther epse BENE HOANE Directrice G\u00e9n\u00e9rale Adjointe charg\u00e9 de Op\u00e9rations Supports Mr. Rodrigue TAH Directeur G\u00e9n\u00e9ral Adjoint charg\u00e9 de l\u2019Exploitation et des Op\u00e9rations Techniques (DGAEOT)\u00a0 Gallery Item Name Lorem ipsum dolor sit amet, consectetur adipisicing elit. Quidem, provident. M. ALIOUNE KAMARA Conseiller Technique charg\u00e9 de la M\u00e9teorologie (CTM) [&hellip;]<\/p>\n","protected":false},"author":1,"featured_media":0,"parent":0,"menu_order":0,"comment_status":"closed","ping_status":"closed","template":"","meta":{"footnotes":""},"class_list":["post-1050","page","type-page","status-publish","hentry"],"_links":{"self":[{"href":"https:\/\/sodexam.com\/index.php?rest_route=\/wp\/v2\/pages\/1050","targetHints":{"allow":["GET"]}}],"collection":[{"href":"https:\/\/sodexam.com\/index.php?rest_route=\/wp\/v2\/pages"}],"about":[{"href":"https:\/\/sodexam.com\/index.php?rest_route=\/wp\/v2\/types\/page"}],"author":[{"embeddable":true,"href":"https:\/\/sodexam.com\/index.php?rest_route=\/wp\/v2\/users\/1"}],"replies":[{"embeddable":true,"href":"https:\/\/sodexam.com\/index.php?rest_route=%2Fwp%2Fv2%2Fcomments&post=1050"}],"version-history":[{"count":53,"href":"https:\/\/sodexam.com\/index.php?rest_route=\/wp\/v2\/pages\/1050\/revisions"}],"predecessor-version":[{"id":4694,"href":"https:\/\/sodexam.com\/index.php?rest_route=\/wp\/v2\/pages\/1050\/revisions\/4694"}],"wp:attachment":[{"href":"https:\/\/sodexam.com\/index.php?rest_route=%2Fwp%2Fv2%2Fmedia&parent=1050"}],"curies":[{"name":"wp","href":"https:\/\/api.w.org\/{rel}","templated":true}]}}