{"id":1051,"date":"2023-11-17T10:16:45","date_gmt":"2023-11-17T09:16:45","guid":{"rendered":"http:\/\/localhost\/local\/?page_id=1051"},"modified":"2023-11-17T10:30:21","modified_gmt":"2023-11-17T09:30:21","slug":"presentation","status":"publish","type":"page","link":"https:\/\/sodexam.com\/?page_id=1051","title":{"rendered":"PR\u00c9SENTATION"},"content":{"rendered":"\t\t<div data-elementor-type=\"wp-page\" data-elementor-id=\"1051\" class=\"elementor elementor-1051\" data-elementor-post-type=\"page\">\n\t\t\t\t<div class=\"elementor-element elementor-element-87b4e6b e-flex e-con-boxed e-con e-parent\" data-id=\"87b4e6b\" data-element_type=\"container\" data-e-type=\"container\">\n\t\t\t\t\t<div class=\"e-con-inner\">\n\t\t\t\t<div class=\"elementor-element elementor-element-ab6a106 elementor-widget elementor-widget-text-editor\" data-id=\"ab6a106\" data-element_type=\"widget\" data-e-type=\"widget\" data-widget_type=\"text-editor.default\">\n\t\t\t\t<div class=\"elementor-widget-container\">\n\t\t\t\t\t\t\t\t\t<h4><strong>I- PRESENTATION GENERALE DE LA SODEXAM<\/strong><\/h4><p>La Soci\u00e9t\u00e9 d\u2019Exploitation et de D\u00e9veloppement A\u00e9roportuaire, A\u00e9ronautique et M\u00e9t\u00e9orologique (SODEXAM) est une soci\u00e9t\u00e9 d\u2019\u00c9tat cr\u00e9\u00e9e par le d\u00e9cret n\u00b097-228 du 16 avril 1997 suite \u00e0 la dissolution de l\u2019Agence Nationale de Aviation civile et de la M\u00e9t\u00e9orologie (ANAM). Elle dispose d\u2019un capital social d\u2019un milliard de francs (1.000.000.000 FCFA) constitu\u00e9 par apports en nature des biens meubles et immeubles de l\u2019ex-ANAM. Elle a commenc\u00e9 \u00e0 fonctionner \u00e0 partir de janvier 1998.<\/p><p>Elle est responsable de la gestion, de l\u2019exploitation et du d\u00e9veloppement des a\u00e9roports, de la m\u00e9t\u00e9orologie et des activit\u00e9s a\u00e9ronautiques en C\u00f4te d\u2019Ivoire, conform\u00e9ment au dit d\u00e9cret apr\u00e8s. Son si\u00e8ge social est \u00e0 Abidjan Port-Bou\u00ebt, route de l\u2019A\u00e9roport International F\u00e9lix Houphou\u00ebt Boigny d\u2019Abidjan.<\/p><p>Le personnel exerce en horaire normal et en horaire continu H24, avec service de quart, pour des n\u00e9cessit\u00e9s de permanence de fonctionnement et de s\u00e9curit\u00e9 \u00e0 ABIDJAN, ADIAKE, BOUAKE, BONDOUKOU, DALOA, DIMBOKRO, GAGNOA, KORHOGO, MAN, ODIENNE, SAN PEDRO, SASSANDRA, TABOU, YAMOUSSOUKRO.<\/p><p>Les ressources de la soci\u00e9t\u00e9 sont, en particulier constitu\u00e9es par :<\/p><ul><li>Les produits des redevances pour services rendus ;<\/li><li>Les dotations et subventions des budgets de l\u2019\u00c9tat ;<\/li><li>Les redevances du service conc\u00e9d\u00e9 de l\u2019A\u00e9roport d\u2019Abidjan.<\/li><\/ul><h4>II- STATUT JURIDIQUE<\/h4><p>La SODEXAM est une soci\u00e9t\u00e9 d\u2019\u00e9tat avec une autonomie financi\u00e8re. Elle pratique de ce fait une comptabilit\u00e9 priv\u00e9e. Elle a une forme commerciale et est plac\u00e9e sous la tutelle technique du Minist\u00e8re en charge des Transports et sous la tutelle financi\u00e8re du Minist\u00e8re en charge de l\u2019\u00c9conomie e<\/p>\t\t\t\t\t\t\t\t<\/div>\n\t\t\t\t<\/div>\n\t\t\t\t\t<\/div>\n\t\t\t\t<\/div>\n\t\t\t\t<\/div>\n\t\t","protected":false},"excerpt":{"rendered":"<p>I- PRESENTATION GENERALE DE LA SODEXAM La Soci\u00e9t\u00e9 d\u2019Exploitation et de D\u00e9veloppement A\u00e9roportuaire, A\u00e9ronautique et M\u00e9t\u00e9orologique (SODEXAM) est une soci\u00e9t\u00e9 d\u2019\u00c9tat cr\u00e9\u00e9e par le d\u00e9cret n\u00b097-228 du 16 avril 1997 suite \u00e0 la dissolution de l\u2019Agence Nationale de Aviation civile et de la M\u00e9t\u00e9orologie (ANAM). Elle dispose d\u2019un capital social d\u2019un milliard de francs (1.000.000.000 [&hellip;]<\/p>\n","protected":false},"author":1,"featured_media":0,"parent":0,"menu_order":0,"comment_status":"closed","ping_status":"closed","template":"","meta":{"footnotes":""},"class_list":["post-1051","page","type-page","status-publish","hentry"],"_links":{"self":[{"href":"https:\/\/sodexam.com\/index.php?rest_route=\/wp\/v2\/pages\/1051","targetHints":{"allow":["GET"]}}],"collection":[{"href":"https:\/\/sodexam.com\/index.php?rest_route=\/wp\/v2\/pages"}],"about":[{"href":"https:\/\/sodexam.com\/index.php?rest_route=\/wp\/v2\/types\/page"}],"author":[{"embeddable":true,"href":"https:\/\/sodexam.com\/index.php?rest_route=\/wp\/v2\/users\/1"}],"replies":[{"embeddable":true,"href":"https:\/\/sodexam.com\/index.php?rest_route=%2Fwp%2Fv2%2Fcomments&post=1051"}],"version-history":[{"count":5,"href":"https:\/\/sodexam.com\/index.php?rest_route=\/wp\/v2\/pages\/1051\/revisions"}],"predecessor-version":[{"id":1070,"href":"https:\/\/sodexam.com\/index.php?rest_route=\/wp\/v2\/pages\/1051\/revisions\/1070"}],"wp:attachment":[{"href":"https:\/\/sodexam.com\/index.php?rest_route=%2Fwp%2Fv2%2Fmedia&parent=1051"}],"curies":[{"name":"wp","href":"https:\/\/api.w.org\/{rel}","templated":true}]}}