{"id":1288,"date":"2023-11-27T11:39:47","date_gmt":"2023-11-27T10:39:47","guid":{"rendered":"http:\/\/localhost\/local\/?page_id=1288"},"modified":"2024-09-18T17:15:35","modified_gmt":"2024-09-18T15:15:35","slug":"assurance-tiers","status":"publish","type":"page","link":"https:\/\/sodexam.com\/?page_id=1288","title":{"rendered":"ASSURANCES ACCEPT\u00c9ES"},"content":{"rendered":"\t\t<div data-elementor-type=\"wp-page\" data-elementor-id=\"1288\" class=\"elementor elementor-1288\" data-elementor-post-type=\"page\">\n\t\t\t\t<div class=\"elementor-element elementor-element-2c8998e e-flex e-con-boxed e-con e-parent\" data-id=\"2c8998e\" data-element_type=\"container\" data-e-type=\"container\">\n\t\t\t\t\t<div class=\"e-con-inner\">\n\t\t<div class=\"elementor-element elementor-element-34c8bb0 e-con-full e-flex e-con e-child\" data-id=\"34c8bb0\" data-element_type=\"container\" data-e-type=\"container\">\n\t\t\t\t<div class=\"elementor-element elementor-element-093af5c elementor-widget elementor-widget-heading\" data-id=\"093af5c\" data-element_type=\"widget\" data-e-type=\"widget\" data-widget_type=\"heading.default\">\n\t\t\t\t<div class=\"elementor-widget-container\">\n\t\t\t\t\t<h3 class=\"elementor-heading-title elementor-size-default\">D\u00e9nomination<\/h3>\t\t\t\t<\/div>\n\t\t\t\t<\/div>\n\t\t\t\t<\/div>\n\t\t<div class=\"elementor-element elementor-element-7ab5a3c e-con-full e-flex e-con e-child\" data-id=\"7ab5a3c\" data-element_type=\"container\" data-e-type=\"container\">\n\t\t\t\t<div class=\"elementor-element elementor-element-06b6ef3 elementor-widget elementor-widget-heading\" data-id=\"06b6ef3\" data-element_type=\"widget\" data-e-type=\"widget\" data-widget_type=\"heading.default\">\n\t\t\t\t<div class=\"elementor-widget-container\">\n\t\t\t\t\t<h3 class=\"elementor-heading-title elementor-size-default\">Assur\u00e9s concern\u00e9s<\/h3>\t\t\t\t<\/div>\n\t\t\t\t<\/div>\n\t\t\t\t<\/div>\n\t\t<div class=\"elementor-element elementor-element-6131b2e e-con-full e-flex e-con e-child\" data-id=\"6131b2e\" data-element_type=\"container\" data-e-type=\"container\">\n\t\t\t\t<div class=\"elementor-element elementor-element-f25527f elementor-widget elementor-widget-image\" data-id=\"f25527f\" data-element_type=\"widget\" data-e-type=\"widget\" data-widget_type=\"image.default\">\n\t\t\t\t<div class=\"elementor-widget-container\">\n\t\t\t\t\t\t\t\t\t\t\t\t\t\t\t<img decoding=\"async\" width=\"256\" height=\"176\" src=\"https:\/\/sodexam.com\/wp-content\/uploads\/2023\/11\/mci.png\" class=\"attachment-large size-large wp-image-1296\" alt=\"\" \/>\t\t\t\t\t\t\t\t\t\t\t\t\t\t\t<\/div>\n\t\t\t\t<\/div>\n\t\t\t\t<\/div>\n\t\t<div class=\"elementor-element elementor-element-41fdb2a e-con-full e-flex e-con e-child\" data-id=\"41fdb2a\" data-element_type=\"container\" data-e-type=\"container\">\n\t\t\t\t<div class=\"elementor-element elementor-element-032e9e7 elementor-widget elementor-widget-text-editor\" data-id=\"032e9e7\" data-element_type=\"widget\" data-e-type=\"widget\" data-widget_type=\"text-editor.default\">\n\t\t\t\t<div class=\"elementor-widget-container\">\n\t\t\t\t\t\t\t\t\t<p>Tous les adh\u00e9rents du reseau de soin MCI Care<\/p><ul><li>Les entreprises de la plateforme a\u00e9roportuaire d&rsquo;Abidjan<\/li><li>A\u00e9ria<\/li><\/ul>\t\t\t\t\t\t\t\t<\/div>\n\t\t\t\t<\/div>\n\t\t\t\t<\/div>\n\t\t<div class=\"elementor-element elementor-element-54ac38a e-con-full e-flex e-con e-child\" data-id=\"54ac38a\" data-element_type=\"container\" data-e-type=\"container\">\n\t\t\t\t<div class=\"elementor-element elementor-element-019ec6a elementor-widget__width-initial elementor-widget elementor-widget-image\" data-id=\"019ec6a\" data-element_type=\"widget\" data-e-type=\"widget\" data-widget_type=\"image.default\">\n\t\t\t\t<div class=\"elementor-widget-container\">\n\t\t\t\t\t\t\t\t\t\t\t\t\t\t\t<img fetchpriority=\"high\" decoding=\"async\" width=\"296\" height=\"170\" src=\"https:\/\/sodexam.com\/wp-content\/uploads\/2023\/11\/willis.jpg\" class=\"attachment-large size-large wp-image-1297\" alt=\"\" \/>\t\t\t\t\t\t\t\t\t\t\t\t\t\t\t<\/div>\n\t\t\t\t<\/div>\n\t\t\t\t<\/div>\n\t\t<div class=\"elementor-element elementor-element-169bd68 e-con-full e-flex e-con e-child\" data-id=\"169bd68\" data-element_type=\"container\" data-e-type=\"container\">\n\t\t\t\t<div class=\"elementor-element elementor-element-10b4121 elementor-widget elementor-widget-text-editor\" data-id=\"10b4121\" data-element_type=\"widget\" data-e-type=\"widget\" data-widget_type=\"text-editor.default\">\n\t\t\t\t<div class=\"elementor-widget-container\">\n\t\t\t\t\t\t\t\t\t<p>Air C\u00f4te d&rsquo;Ivoire (Agents et famille)<\/p>\t\t\t\t\t\t\t\t<\/div>\n\t\t\t\t<\/div>\n\t\t\t\t<\/div>\n\t\t<div class=\"elementor-element elementor-element-a2898b9 e-con-full e-flex e-con e-child\" data-id=\"a2898b9\" data-element_type=\"container\" data-e-type=\"container\">\n\t\t\t\t<div class=\"elementor-element elementor-element-351151f elementor-widget__width-initial elementor-widget elementor-widget-image\" data-id=\"351151f\" data-element_type=\"widget\" data-e-type=\"widget\" data-widget_type=\"image.default\">\n\t\t\t\t<div class=\"elementor-widget-container\">\n\t\t\t\t\t\t\t\t\t\t\t\t\t\t\t<img decoding=\"async\" width=\"420\" height=\"120\" src=\"https:\/\/sodexam.com\/wp-content\/uploads\/2023\/11\/olea.png\" class=\"attachment-large size-large wp-image-1298\" alt=\"\" \/>\t\t\t\t\t\t\t\t\t\t\t\t\t\t\t<\/div>\n\t\t\t\t<\/div>\n\t\t\t\t<\/div>\n\t\t<div class=\"elementor-element elementor-element-0311a40 e-con-full e-flex e-con e-child\" data-id=\"0311a40\" data-element_type=\"container\" data-e-type=\"container\">\n\t\t\t\t<div class=\"elementor-element elementor-element-ed88f60 elementor-widget__width-initial elementor-widget elementor-widget-text-editor\" data-id=\"ed88f60\" data-element_type=\"widget\" data-e-type=\"widget\" data-widget_type=\"text-editor.default\">\n\t\t\t\t<div class=\"elementor-widget-container\">\n\t\t\t\t\t\t\t\t\t<p>Tous les adh\u00e9rents du r\u00e9seau de soins MCI Care. Les entreprises de la plateforme a\u00e9roportuaire d&rsquo;Abidjan.<\/p>\t\t\t\t\t\t\t\t<\/div>\n\t\t\t\t<\/div>\n\t\t\t\t<\/div>\n\t\t<div class=\"elementor-element elementor-element-1ff36b4 e-con-full e-flex e-con e-child\" data-id=\"1ff36b4\" data-element_type=\"container\" data-e-type=\"container\">\n\t\t\t\t<div class=\"elementor-element elementor-element-651fc3e elementor-widget elementor-widget-image\" data-id=\"651fc3e\" data-element_type=\"widget\" data-e-type=\"widget\" data-widget_type=\"image.default\">\n\t\t\t\t<div class=\"elementor-widget-container\">\n\t\t\t\t\t\t\t\t\t\t\t\t\t\t\t<img loading=\"lazy\" decoding=\"async\" width=\"335\" height=\"151\" src=\"https:\/\/sodexam.com\/wp-content\/uploads\/2023\/11\/ascoma.png\" class=\"attachment-large size-large wp-image-1293\" alt=\"\" \/>\t\t\t\t\t\t\t\t\t\t\t\t\t\t\t<\/div>\n\t\t\t\t<\/div>\n\t\t\t\t<\/div>\n\t\t<div class=\"elementor-element elementor-element-23ec23f e-con-full e-flex e-con e-child\" data-id=\"23ec23f\" data-element_type=\"container\" data-e-type=\"container\">\n\t\t\t\t<div class=\"elementor-element elementor-element-e05ff0d elementor-widget__width-initial elementor-widget elementor-widget-text-editor\" data-id=\"e05ff0d\" data-element_type=\"widget\" data-e-type=\"widget\" data-widget_type=\"text-editor.default\">\n\t\t\t\t<div class=\"elementor-widget-container\">\n\t\t\t\t\t\t\t\t\t<ul><li>ANAC<\/li><li>SOCI\u00c9T\u00c9 TTS<\/li><\/ul>\t\t\t\t\t\t\t\t<\/div>\n\t\t\t\t<\/div>\n\t\t\t\t<\/div>\n\t\t<div class=\"elementor-element elementor-element-d463cab e-con-full e-flex e-con e-child\" data-id=\"d463cab\" data-element_type=\"container\" data-e-type=\"container\">\n\t\t\t\t<div class=\"elementor-element elementor-element-e138b44 elementor-widget elementor-widget-image\" data-id=\"e138b44\" data-element_type=\"widget\" data-e-type=\"widget\" data-widget_type=\"image.default\">\n\t\t\t\t<div class=\"elementor-widget-container\">\n\t\t\t\t\t\t\t\t\t\t\t\t\t\t\t<img decoding=\"async\" src=\"http:\/\/localhost\/local\/wp-content\/uploads\/2023\/11\/allianz.png\" title=\"\" alt=\"\" loading=\"lazy\" \/>\t\t\t\t\t\t\t\t\t\t\t\t\t\t\t<\/div>\n\t\t\t\t<\/div>\n\t\t\t\t<\/div>\n\t\t<div class=\"elementor-element elementor-element-b373b86 e-con-full e-flex e-con e-child\" data-id=\"b373b86\" data-element_type=\"container\" data-e-type=\"container\">\n\t\t\t\t<div class=\"elementor-element elementor-element-ef24831 elementor-widget elementor-widget-text-editor\" data-id=\"ef24831\" data-element_type=\"widget\" data-e-type=\"widget\" data-widget_type=\"text-editor.default\">\n\t\t\t\t<div class=\"elementor-widget-container\">\n\t\t\t\t\t\t\t\t\t<p>AVISECURE<\/p>\t\t\t\t\t\t\t\t<\/div>\n\t\t\t\t<\/div>\n\t\t\t\t<\/div>\n\t\t<div class=\"elementor-element elementor-element-4f0013f e-con-full e-flex e-con e-child\" data-id=\"4f0013f\" data-element_type=\"container\" data-e-type=\"container\">\n\t\t\t\t<div class=\"elementor-element elementor-element-f869821 elementor-widget elementor-widget-image\" data-id=\"f869821\" data-element_type=\"widget\" data-e-type=\"widget\" data-widget_type=\"image.default\">\n\t\t\t\t<div class=\"elementor-widget-container\">\n\t\t\t\t\t\t\t\t\t\t\t\t\t\t\t<img loading=\"lazy\" decoding=\"async\" width=\"167\" height=\"132\" src=\"https:\/\/sodexam.com\/wp-content\/uploads\/2023\/11\/vitalis-1.jpg\" class=\"attachment-large size-large wp-image-1295\" alt=\"\" \/>\t\t\t\t\t\t\t\t\t\t\t\t\t\t\t<\/div>\n\t\t\t\t<\/div>\n\t\t\t\t<\/div>\n\t\t<div class=\"elementor-element elementor-element-7b26b66 e-con-full e-flex e-con e-child\" data-id=\"7b26b66\" data-element_type=\"container\" data-e-type=\"container\">\n\t\t\t\t<div class=\"elementor-element elementor-element-8e8d06b elementor-widget elementor-widget-text-editor\" data-id=\"8e8d06b\" data-element_type=\"widget\" data-e-type=\"widget\" data-widget_type=\"text-editor.default\">\n\t\t\t\t<div class=\"elementor-widget-container\">\n\t\t\t\t\t\t\t\t\t<p>SODEXAM<\/p>\t\t\t\t\t\t\t\t<\/div>\n\t\t\t\t<\/div>\n\t\t\t\t<\/div>\n\t\t<div class=\"elementor-element elementor-element-7f0dfe1 e-con-full e-flex e-con e-child\" data-id=\"7f0dfe1\" data-element_type=\"container\" data-e-type=\"container\">\n\t\t\t\t<div class=\"elementor-element elementor-element-83e38d6 elementor-widget__width-initial elementor-widget elementor-widget-image\" data-id=\"83e38d6\" data-element_type=\"widget\" data-e-type=\"widget\" data-widget_type=\"image.default\">\n\t\t\t\t<div class=\"elementor-widget-container\">\n\t\t\t\t\t\t\t\t\t\t\t\t\t\t\t<img loading=\"lazy\" decoding=\"async\" width=\"225\" height=\"225\" src=\"https:\/\/sodexam.com\/wp-content\/uploads\/2023\/11\/msh.jpg\" class=\"attachment-large size-large wp-image-1299\" alt=\"\" \/>\t\t\t\t\t\t\t\t\t\t\t\t\t\t\t<\/div>\n\t\t\t\t<\/div>\n\t\t\t\t<\/div>\n\t\t<div class=\"elementor-element elementor-element-d29bd2e e-con-full e-flex e-con e-child\" data-id=\"d29bd2e\" data-element_type=\"container\" data-e-type=\"container\">\n\t\t\t\t<div class=\"elementor-element elementor-element-4e19e78 elementor-widget elementor-widget-text-editor\" data-id=\"4e19e78\" data-element_type=\"widget\" data-e-type=\"widget\" data-widget_type=\"text-editor.default\">\n\t\t\t\t<div class=\"elementor-widget-container\">\n\t\t\t\t\t\t\t\t\t<p>ASECNA<\/p>\t\t\t\t\t\t\t\t<\/div>\n\t\t\t\t<\/div>\n\t\t\t\t<\/div>\n\t\t<div class=\"elementor-element elementor-element-7dee606 e-con-full e-flex e-con e-child\" data-id=\"7dee606\" data-element_type=\"container\" data-e-type=\"container\">\n\t\t\t\t<div class=\"elementor-element elementor-element-dde3461 elementor-widget elementor-widget-image\" data-id=\"dde3461\" data-element_type=\"widget\" data-e-type=\"widget\" data-widget_type=\"image.default\">\n\t\t\t\t<div class=\"elementor-widget-container\">\n\t\t\t\t\t\t\t\t\t\t\t\t\t\t\t<img loading=\"lazy\" decoding=\"async\" width=\"348\" height=\"145\" src=\"https:\/\/sodexam.com\/wp-content\/uploads\/2023\/11\/mugefci.png\" class=\"attachment-large size-large wp-image-1300\" alt=\"\" \/>\t\t\t\t\t\t\t\t\t\t\t\t\t\t\t<\/div>\n\t\t\t\t<\/div>\n\t\t\t\t<\/div>\n\t\t<div class=\"elementor-element elementor-element-6227b2b e-con-full e-flex e-con e-child\" data-id=\"6227b2b\" data-element_type=\"container\" data-e-type=\"container\">\n\t\t\t\t<div class=\"elementor-element elementor-element-368610c elementor-widget elementor-widget-text-editor\" data-id=\"368610c\" data-element_type=\"widget\" data-e-type=\"widget\" data-widget_type=\"text-editor.default\">\n\t\t\t\t<div class=\"elementor-widget-container\">\n\t\t\t\t\t\t\t\t\t<p>Fonctionnaires et militaires<\/p>\t\t\t\t\t\t\t\t<\/div>\n\t\t\t\t<\/div>\n\t\t\t\t<\/div>\n\t\t\t\t\t<\/div>\n\t\t\t\t<\/div>\n\t\t\t\t<\/div>\n\t\t","protected":false},"excerpt":{"rendered":"<p>D\u00e9nomination Assur\u00e9s concern\u00e9s Tous les adh\u00e9rents du reseau de soin MCI Care Les entreprises de la plateforme a\u00e9roportuaire d&rsquo;Abidjan A\u00e9ria Air C\u00f4te d&rsquo;Ivoire (Agents et famille) Tous les adh\u00e9rents du r\u00e9seau de soins MCI Care. Les entreprises de la plateforme a\u00e9roportuaire d&rsquo;Abidjan. ANAC SOCI\u00c9T\u00c9 TTS AVISECURE SODEXAM ASECNA Fonctionnaires et militaires<\/p>\n","protected":false},"author":1,"featured_media":0,"parent":0,"menu_order":0,"comment_status":"closed","ping_status":"closed","template":"","meta":{"footnotes":""},"class_list":["post-1288","page","type-page","status-publish","hentry"],"_links":{"self":[{"href":"https:\/\/sodexam.com\/index.php?rest_route=\/wp\/v2\/pages\/1288","targetHints":{"allow":["GET"]}}],"collection":[{"href":"https:\/\/sodexam.com\/index.php?rest_route=\/wp\/v2\/pages"}],"about":[{"href":"https:\/\/sodexam.com\/index.php?rest_route=\/wp\/v2\/types\/page"}],"author":[{"embeddable":true,"href":"https:\/\/sodexam.com\/index.php?rest_route=\/wp\/v2\/users\/1"}],"replies":[{"embeddable":true,"href":"https:\/\/sodexam.com\/index.php?rest_route=%2Fwp%2Fv2%2Fcomments&post=1288"}],"version-history":[{"count":12,"href":"https:\/\/sodexam.com\/index.php?rest_route=\/wp\/v2\/pages\/1288\/revisions"}],"predecessor-version":[{"id":3452,"href":"https:\/\/sodexam.com\/index.php?rest_route=\/wp\/v2\/pages\/1288\/revisions\/3452"}],"wp:attachment":[{"href":"https:\/\/sodexam.com\/index.php?rest_route=%2Fwp%2Fv2%2Fmedia&parent=1288"}],"curies":[{"name":"wp","href":"https:\/\/api.w.org\/{rel}","templated":true}]}}