{"id":1810,"date":"2023-12-29T02:43:07","date_gmt":"2023-12-29T01:43:07","guid":{"rendered":"https:\/\/sodexam.com\/?page_id=1810"},"modified":"2024-08-08T14:14:08","modified_gmt":"2024-08-08T12:14:08","slug":"presentation-de-la-direction-de-la-meteo","status":"publish","type":"page","link":"https:\/\/sodexam.com\/?page_id=1810","title":{"rendered":"DIRECTION DE LA METEOROLOGIE NATIONALE"},"content":{"rendered":"\t\t<div data-elementor-type=\"wp-page\" data-elementor-id=\"1810\" class=\"elementor elementor-1810\" data-elementor-post-type=\"page\">\n\t\t\t\t<div class=\"elementor-element elementor-element-297274a e-flex e-con-boxed e-con e-parent\" data-id=\"297274a\" data-element_type=\"container\" data-e-type=\"container\">\n\t\t\t\t\t<div class=\"e-con-inner\">\n\t\t<div class=\"elementor-element elementor-element-1c36a5c e-con-full e-flex e-con e-child\" data-id=\"1c36a5c\" data-element_type=\"container\" data-e-type=\"container\">\n\t\t\t\t<div class=\"elementor-element elementor-element-90a10e2 elementor-widget elementor-widget-image\" data-id=\"90a10e2\" data-element_type=\"widget\" data-e-type=\"widget\" data-widget_type=\"image.default\">\n\t\t\t\t<div class=\"elementor-widget-container\">\n\t\t\t\t\t\t\t\t\t\t\t\t\t\t\t<img fetchpriority=\"high\" decoding=\"async\" width=\"640\" height=\"703\" src=\"https:\/\/sodexam.com\/wp-content\/uploads\/2023\/12\/Directeur-de-la-Meteorologie-Nationale-DMN-M.-KONATE-Daouda.jpeg\" class=\"attachment-large size-large wp-image-1777\" alt=\"\" srcset=\"https:\/\/sodexam.com\/wp-content\/uploads\/2023\/12\/Directeur-de-la-Meteorologie-Nationale-DMN-M.-KONATE-Daouda.jpeg 679w, https:\/\/sodexam.com\/wp-content\/uploads\/2023\/12\/Directeur-de-la-Meteorologie-Nationale-DMN-M.-KONATE-Daouda-273x300.jpeg 273w\" sizes=\"(max-width: 640px) 100vw, 640px\" \/>\t\t\t\t\t\t\t\t\t\t\t\t\t\t\t<\/div>\n\t\t\t\t<\/div>\n\t\t\t\t<div class=\"elementor-element elementor-element-1eeff2e elementor-widget elementor-widget-heading\" data-id=\"1eeff2e\" data-element_type=\"widget\" data-e-type=\"widget\" data-widget_type=\"heading.default\">\n\t\t\t\t<div class=\"elementor-widget-container\">\n\t\t\t\t\t<h6 class=\"elementor-heading-title elementor-size-default\">MR DAOUDA KONATE 1ER VICE PRESIDENT DE L'OMM - DIRECTEUR DE LA METEOROLOGIE NATIONALE<\/h6>\t\t\t\t<\/div>\n\t\t\t\t<\/div>\n\t\t\t\t<\/div>\n\t\t<div class=\"elementor-element elementor-element-541e56c e-con-full e-flex e-con e-child\" data-id=\"541e56c\" data-element_type=\"container\" data-e-type=\"container\">\n\t\t<div class=\"elementor-element elementor-element-f2cd097 e-flex e-con-boxed e-con e-child\" data-id=\"f2cd097\" data-element_type=\"container\" data-e-type=\"container\">\n\t\t\t\t\t<div class=\"e-con-inner\">\n\t\t\t\t<div class=\"elementor-element elementor-element-03e2874 elementor-widget elementor-widget-text-editor\" data-id=\"03e2874\" data-element_type=\"widget\" data-e-type=\"widget\" data-widget_type=\"text-editor.default\">\n\t\t\t\t<div class=\"elementor-widget-container\">\n\t\t\t\t\t\t\t\t\t<ul><li>Coordonne les activit\u00e9s d\u2019observation, d\u2019\u00e9tudes et de pr\u00e9visions de m\u00e9t\u00e9orologie nationale ;<\/li><li>Veille \u00e0 la gestion des r\u00e9seaux de stations et d\u2019\u00e9quipements m\u00e9t\u00e9orologiques ;<\/li><li>D\u00e9veloppe des produits et services pour la m\u00e9t\u00e9o ;<\/li><li>Promeut les services m\u00e9t\u00e9orologiques ;<\/li><li>Coordonne des activit\u00e9s li\u00e9es au changement climatique ;<\/li><li>Suit la mise en \u0153uvre du plan strat\u00e9gique ;<\/li><li>Propose le plan de d\u00e9veloppement des activit\u00e9s m\u00e9t\u00e9o.<\/li><\/ul><p>Elle a plusieurs d\u00e9partements sous sa coupe.<\/p><p><strong>Le D\u00e9partement de Climatologie et Agrom\u00e9t\u00e9orologie <\/strong>dont le r\u00f4le est de\u00a0:<\/p><ul><li>Pr\u00e9parer le programme d\u2019activit\u00e9s du d\u00e9partement et assurer le contr\u00f4le de sa mise en \u0153uvre<\/li><li>Conseiller les usagers des donn\u00e9es et informations climatologiques et m\u00e9t\u00e9orologiques ;<\/li><li>Assurer l\u2019exploitation dans les domaines de l\u2019agro m\u00e9t\u00e9orologie, de l\u2019hydrologie et de la climatologie ;<\/li><\/ul>\t\t\t\t\t\t\t\t<\/div>\n\t\t\t\t<\/div>\n\t\t\t\t\t<\/div>\n\t\t\t\t<\/div>\n\t\t\t\t<\/div>\n\t\t\t\t\t<\/div>\n\t\t\t\t<\/div>\n\t\t<div class=\"elementor-element elementor-element-83dd0fe e-flex e-con-boxed e-con e-parent\" data-id=\"83dd0fe\" data-element_type=\"container\" data-e-type=\"container\">\n\t\t\t\t\t<div class=\"e-con-inner\">\n\t\t\t\t<div class=\"elementor-element elementor-element-55bd0a1 elementor-widget elementor-widget-text-editor\" data-id=\"55bd0a1\" data-element_type=\"widget\" data-e-type=\"widget\" data-widget_type=\"text-editor.default\">\n\t\t\t\t<div class=\"elementor-widget-container\">\n\t\t\t\t\t\t\t\t\t<ul><li>Mettre en \u0153uvre les r\u00e9sultats d\u2019\u00e9tudes op\u00e9rationnelles dans les domaines pr\u00e9cit\u00e9s ;<\/li><li>Promouvoir les applications et services dans les domaines pr\u00e9cit\u00e9s ;<\/li><li>Assurer l\u2019assistance aux usagers et aux chercheurs dans les secteurs pr\u00e9cit\u00e9s ;<\/li><li>Participer \u00e0 la formation et \u00e0 la recherche sur les th\u00e9matiques relatives au climat ;<\/li><li>Evaluer les risques climatiques et contribuer \u00e0 leur gestion ;<\/li><li>Publier les bulletins, fournir les donn\u00e9es et participer aux \u00e9tudes et projets ;<\/li><li>Suivre et coordonner les activit\u00e9s relatives \u00e0 l\u2019\u00e9volution du climat et aux changements climatiques ;<\/li><li>Participer \u00e0 l\u2019encadrement et \u00e0 la formation des agents techniques de la climatologie et de l\u2019agrom\u00e9t\u00e9orologie ;<\/li><li>Superviser les inspections des stations agro m\u00e9t\u00e9orologique, climatologiques, pluviom\u00e9triques et radiom\u00e9triques ;<\/li><li>Suivre les programmes de l\u2019OMM en mati\u00e8re de climatologie et agro m\u00e9t\u00e9orologie ;<\/li><li>Concevoir des mod\u00e8les d\u2019application.<\/li><\/ul><p><strong>Le D\u00e9partement de la M\u00e9t\u00e9orologie<\/strong> \u00a0 dont le r\u00f4le est de\u00a0:<\/p><ul><li>coordonner les activit\u00e9s d\u2019observation, d\u2019\u00e9tudes et de pr\u00e9visions de m\u00e9t\u00e9orologie<\/li><li>Coordonner les activit\u00e9s d\u2019exploitation en m\u00e9t\u00e9orologie synoptique, en pr\u00e9vision g\u00e9n\u00e9rale, en m\u00e9t\u00e9orologie a\u00e9ronautique et en m\u00e9t\u00e9orologie maritime ;<\/li><li>Coordonner les activit\u00e9s de mod\u00e9lisation<\/li><li>Veiller \u00e0 l\u2019application des codes, normes et pratiques recommand\u00e9es par l\u2019OMM dans les secteurs pr\u00e9cit\u00e9s ;<\/li><li>Veiller \u00e0 la concentration des observations des r\u00e9seaux agro m\u00e9t\u00e9orologiques, pluviom\u00e9triques et environnementaux ;<\/li><li>Assurer l\u2019inspection des stations synoptiques, a\u00e9ronautiques et maritimes ;<\/li><li>Veiller au bon fonctionnement des stations d\u2019observations synoptiques, a\u00e9ronautiques, maritimes ;<\/li><li>Veiller \u00e0 la mise en \u0153uvre des r\u00e9sultats d\u2019\u00e9tudes op\u00e9rationnelles dans le domaine de la pr\u00e9vision g\u00e9n\u00e9rale, de la m\u00e9t\u00e9orologie a\u00e9ronautique, de la marine et secteurs connexes ;<\/li><li>Participer \u00e0 l\u2019\u00e9laboration des plans de d\u00e9veloppement et de modernisation des secteurs pr\u00e9cit\u00e9s ;<\/li><li>Coordonner les activit\u00e9s entre la direction de la m\u00e9t\u00e9orologie et le Centre de M\u00e9t\u00e9orologie Principal (CMP) de l\u2019ASECNA.<\/li><\/ul><p><strong>Le D\u00e9partement Etudes, D\u00e9veloppement et Environnement<\/strong> dont le r\u00f4le est\u00a0:<\/p><ul><li>Identifier les th\u00e8mes d\u2019\u00e9tude appropri\u00e9s pour r\u00e9pondre aux besoins d\u2019am\u00e9lioration des autres d\u00e9partements et d\u2019assistance aux usagers ;<\/li><li>Coordonner \u00e9laborer et mettre en \u0153uvre les expertises relatives aux ph\u00e9nom\u00e8nes m\u00e9t\u00e9orologiques ;<\/li><li>Assurer la liaison avec les instituts nationaux et internationaux d\u2019\u00e9tude et de recherche dans les domaines des pr\u00e9visions, de la climatologie, de l\u2019agro m\u00e9t\u00e9orologie, de l\u2019environnement, des changements climatiques et de l\u2019hydrom\u00e9t\u00e9orologie ;<\/li><li>Concevoir les mod\u00e8les d\u2019applications et d\u2019exploitation dans les domaines de la m\u00e9t\u00e9orologie ;<\/li><li>Ex\u00e9cuter et mettre en \u0153uvre les travaux d\u2019\u00e9tude et de d\u00e9veloppement ;<\/li><li>Participer aux inspections des stations d\u2019observations et de mesures (agrom\u00e9t\u00e9orologiques, climatologiques, pluviom\u00e9triques et radiom\u00e9triques) ;<\/li><li>Suivre les programmes nationaux et internationaux dans les domaines pr\u00e9cit\u00e9s.<\/li><li>Charger de r\u00e9diger les contrats avec les partenaires techniques<\/li><li>Etablir les programmes de formation et de mise \u00e0 niveau des agents.<\/li><\/ul>\t\t\t\t\t\t\t\t<\/div>\n\t\t\t\t<\/div>\n\t\t\t\t\t<\/div>\n\t\t\t\t<\/div>\n\t\t<div class=\"elementor-element elementor-element-6e89abb e-grid e-con-boxed e-con e-parent\" data-id=\"6e89abb\" data-element_type=\"container\" data-e-type=\"container\">\n\t\t\t\t\t<div class=\"e-con-inner\">\n\t\t<div class=\"elementor-element elementor-element-0f369f7 e-flex e-con-boxed e-con e-child\" data-id=\"0f369f7\" data-element_type=\"container\" data-e-type=\"container\">\n\t\t\t\t\t<div class=\"e-con-inner\">\n\t\t\t\t<div class=\"elementor-element elementor-element-140b708 elementor-widget elementor-widget-heading\" data-id=\"140b708\" data-element_type=\"widget\" data-e-type=\"widget\" data-widget_type=\"heading.default\">\n\t\t\t\t<div class=\"elementor-widget-container\">\n\t\t\t\t\t<h6 class=\"elementor-heading-title elementor-size-default\">UN RESEAU D\u2019OBSERVATIONS SYNOPTIQUES METEOROLOGIQUES PERFORMANT<\/h6>\t\t\t\t<\/div>\n\t\t\t\t<\/div>\n\t\t\t\t<div class=\"elementor-element elementor-element-143ffff elementor-widget elementor-widget-image\" data-id=\"143ffff\" data-element_type=\"widget\" data-e-type=\"widget\" data-widget_type=\"image.default\">\n\t\t\t\t<div class=\"elementor-widget-container\">\n\t\t\t\t\t\t\t\t\t\t\t\t\t\t\t\t<a href=\"https:\/\/sodexam.com\/wp-content\/uploads\/2024\/01\/RESEAU-DOBSERVATIONS-SYNOPTIQUES-METEOROLOGIQUES.png\" data-elementor-open-lightbox=\"yes\" data-elementor-lightbox-title=\"RESEAU D\u2019OBSERVATIONS SYNOPTIQUES METEOROLOGIQUES\" data-e-action-hash=\"#elementor-action%3Aaction%3Dlightbox%26settings%3DeyJpZCI6MTg0NiwidXJsIjoiaHR0cHM6XC9cL3NvZGV4YW0uY29tXC93cC1jb250ZW50XC91cGxvYWRzXC8yMDI0XC8wMVwvUkVTRUFVLURPQlNFUlZBVElPTlMtU1lOT1BUSVFVRVMtTUVURU9ST0xPR0lRVUVTLnBuZyJ9\">\n\t\t\t\t\t\t\t<img decoding=\"async\" width=\"640\" height=\"291\" src=\"https:\/\/sodexam.com\/wp-content\/uploads\/2024\/01\/RESEAU-DOBSERVATIONS-SYNOPTIQUES-METEOROLOGIQUES-1024x465.png\" class=\"attachment-large size-large wp-image-1846\" alt=\"\" srcset=\"https:\/\/sodexam.com\/wp-content\/uploads\/2024\/01\/RESEAU-DOBSERVATIONS-SYNOPTIQUES-METEOROLOGIQUES-1024x465.png 1024w, https:\/\/sodexam.com\/wp-content\/uploads\/2024\/01\/RESEAU-DOBSERVATIONS-SYNOPTIQUES-METEOROLOGIQUES-300x136.png 300w, https:\/\/sodexam.com\/wp-content\/uploads\/2024\/01\/RESEAU-DOBSERVATIONS-SYNOPTIQUES-METEOROLOGIQUES-768x349.png 768w, https:\/\/sodexam.com\/wp-content\/uploads\/2024\/01\/RESEAU-DOBSERVATIONS-SYNOPTIQUES-METEOROLOGIQUES-1536x698.png 1536w, https:\/\/sodexam.com\/wp-content\/uploads\/2024\/01\/RESEAU-DOBSERVATIONS-SYNOPTIQUES-METEOROLOGIQUES-2048x930.png 2048w\" sizes=\"(max-width: 640px) 100vw, 640px\" \/>\t\t\t\t\t\t\t\t<\/a>\n\t\t\t\t\t\t\t\t\t\t\t\t\t\t\t<\/div>\n\t\t\t\t<\/div>\n\t\t\t\t\t<\/div>\n\t\t\t\t<\/div>\n\t\t<div class=\"elementor-element elementor-element-e79eb9a e-flex e-con-boxed e-con e-child\" data-id=\"e79eb9a\" data-element_type=\"container\" data-e-type=\"container\">\n\t\t\t\t\t<div class=\"e-con-inner\">\n\t\t\t\t<div class=\"elementor-element elementor-element-99b5cab elementor-widget elementor-widget-heading\" data-id=\"99b5cab\" data-element_type=\"widget\" data-e-type=\"widget\" data-widget_type=\"heading.default\">\n\t\t\t\t<div class=\"elementor-widget-container\">\n\t\t\t\t\t<h6 class=\"elementor-heading-title elementor-size-default\">UN DENSE RESEAU D\u2019OBSERVATION SATELLITAIRE<\/h6>\t\t\t\t<\/div>\n\t\t\t\t<\/div>\n\t\t\t\t<div class=\"elementor-element elementor-element-8928b3e elementor-widget elementor-widget-image\" data-id=\"8928b3e\" data-element_type=\"widget\" data-e-type=\"widget\" data-widget_type=\"image.default\">\n\t\t\t\t<div class=\"elementor-widget-container\">\n\t\t\t\t\t\t\t\t\t\t\t\t\t\t\t\t<a href=\"https:\/\/sodexam.com\/wp-content\/uploads\/2024\/01\/RESEAU-DOBSERVATION-SATELLITAIRE-DE-LA-SODEXAM.png\" data-elementor-open-lightbox=\"yes\" data-elementor-lightbox-title=\"RESEAU D\u2019OBSERVATION SATELLITAIRE DE LA SODEXAM\" data-e-action-hash=\"#elementor-action%3Aaction%3Dlightbox%26settings%3DeyJpZCI6MTg0NSwidXJsIjoiaHR0cHM6XC9cL3NvZGV4YW0uY29tXC93cC1jb250ZW50XC91cGxvYWRzXC8yMDI0XC8wMVwvUkVTRUFVLURPQlNFUlZBVElPTi1TQVRFTExJVEFJUkUtREUtTEEtU09ERVhBTS5wbmcifQ%3D%3D\">\n\t\t\t\t\t\t\t<img decoding=\"async\" width=\"640\" height=\"291\" src=\"https:\/\/sodexam.com\/wp-content\/uploads\/2024\/01\/RESEAU-DOBSERVATION-SATELLITAIRE-DE-LA-SODEXAM-1024x466.png\" class=\"attachment-large size-large wp-image-1845\" alt=\"\" srcset=\"https:\/\/sodexam.com\/wp-content\/uploads\/2024\/01\/RESEAU-DOBSERVATION-SATELLITAIRE-DE-LA-SODEXAM-1024x466.png 1024w, https:\/\/sodexam.com\/wp-content\/uploads\/2024\/01\/RESEAU-DOBSERVATION-SATELLITAIRE-DE-LA-SODEXAM-300x137.png 300w, https:\/\/sodexam.com\/wp-content\/uploads\/2024\/01\/RESEAU-DOBSERVATION-SATELLITAIRE-DE-LA-SODEXAM-768x350.png 768w, https:\/\/sodexam.com\/wp-content\/uploads\/2024\/01\/RESEAU-DOBSERVATION-SATELLITAIRE-DE-LA-SODEXAM-1536x700.png 1536w, https:\/\/sodexam.com\/wp-content\/uploads\/2024\/01\/RESEAU-DOBSERVATION-SATELLITAIRE-DE-LA-SODEXAM-2048x933.png 2048w\" sizes=\"(max-width: 640px) 100vw, 640px\" \/>\t\t\t\t\t\t\t\t<\/a>\n\t\t\t\t\t\t\t\t\t\t\t\t\t\t\t<\/div>\n\t\t\t\t<\/div>\n\t\t\t\t\t<\/div>\n\t\t\t\t<\/div>\n\t\t<div class=\"elementor-element elementor-element-b8813f7 e-flex e-con-boxed e-con e-child\" data-id=\"b8813f7\" data-element_type=\"container\" data-e-type=\"container\">\n\t\t\t\t\t<div class=\"e-con-inner\">\n\t\t\t\t<div class=\"elementor-element elementor-element-ba77fa1 elementor-widget elementor-widget-heading\" data-id=\"ba77fa1\" data-element_type=\"widget\" data-e-type=\"widget\" data-widget_type=\"heading.default\">\n\t\t\t\t<div class=\"elementor-widget-container\">\n\t\t\t\t\t<h6 class=\"elementor-heading-title elementor-size-default\">CARTE BASEE SUR LES IMPACTS ET ALERTE\n<\/h6>\t\t\t\t<\/div>\n\t\t\t\t<\/div>\n\t\t\t\t<div class=\"elementor-element elementor-element-d53537a elementor-widget elementor-widget-image\" data-id=\"d53537a\" data-element_type=\"widget\" data-e-type=\"widget\" data-widget_type=\"image.default\">\n\t\t\t\t<div class=\"elementor-widget-container\">\n\t\t\t\t\t\t\t\t\t\t\t\t\t\t\t\t<a href=\"https:\/\/sodexam.com\/wp-content\/uploads\/2024\/01\/CARTE-BASEE-SUR-LES-IMPACTS-ET-ALERTE.png\" data-elementor-open-lightbox=\"yes\" data-elementor-lightbox-title=\"CARTE BASEE SUR LES IMPACTS ET ALERTE\" data-e-action-hash=\"#elementor-action%3Aaction%3Dlightbox%26settings%3DeyJpZCI6MTg1MiwidXJsIjoiaHR0cHM6XC9cL3NvZGV4YW0uY29tXC93cC1jb250ZW50XC91cGxvYWRzXC8yMDI0XC8wMVwvQ0FSVEUtQkFTRUUtU1VSLUxFUy1JTVBBQ1RTLUVULUFMRVJURS5wbmcifQ%3D%3D\">\n\t\t\t\t\t\t\t<img loading=\"lazy\" decoding=\"async\" width=\"640\" height=\"304\" src=\"https:\/\/sodexam.com\/wp-content\/uploads\/2024\/01\/CARTE-BASEE-SUR-LES-IMPACTS-ET-ALERTE.png\" class=\"attachment-large size-large wp-image-1852\" alt=\"\" srcset=\"https:\/\/sodexam.com\/wp-content\/uploads\/2024\/01\/CARTE-BASEE-SUR-LES-IMPACTS-ET-ALERTE.png 953w, https:\/\/sodexam.com\/wp-content\/uploads\/2024\/01\/CARTE-BASEE-SUR-LES-IMPACTS-ET-ALERTE-300x142.png 300w, https:\/\/sodexam.com\/wp-content\/uploads\/2024\/01\/CARTE-BASEE-SUR-LES-IMPACTS-ET-ALERTE-768x364.png 768w\" sizes=\"(max-width: 640px) 100vw, 640px\" \/>\t\t\t\t\t\t\t\t<\/a>\n\t\t\t\t\t\t\t\t\t\t\t\t\t\t\t<\/div>\n\t\t\t\t<\/div>\n\t\t\t\t\t<\/div>\n\t\t\t\t<\/div>\n\t\t<div class=\"elementor-element elementor-element-48fc66c e-flex e-con-boxed e-con e-child\" data-id=\"48fc66c\" data-element_type=\"container\" data-e-type=\"container\">\n\t\t\t\t\t<div class=\"e-con-inner\">\n\t\t\t\t<div class=\"elementor-element elementor-element-322f75b elementor-widget elementor-widget-heading\" data-id=\"322f75b\" data-element_type=\"widget\" data-e-type=\"widget\" data-widget_type=\"heading.default\">\n\t\t\t\t<div class=\"elementor-widget-container\">\n\t\t\t\t\t<h6 class=\"elementor-heading-title elementor-size-default\">SUIVI ET ALERTE DES INONDATIONS URBAINES ET FLUVIALES<\/h6>\t\t\t\t<\/div>\n\t\t\t\t<\/div>\n\t\t\t\t<div class=\"elementor-element elementor-element-08cca2e elementor-widget elementor-widget-image\" data-id=\"08cca2e\" data-element_type=\"widget\" data-e-type=\"widget\" data-widget_type=\"image.default\">\n\t\t\t\t<div class=\"elementor-widget-container\">\n\t\t\t\t\t\t\t\t\t\t\t\t\t\t\t\t<a href=\"https:\/\/sodexam.com\/wp-content\/uploads\/2024\/01\/SUIVI-ET-ALERTE-DES-INONDATIONS-URBAINES-ET-FLUVIALES.png\" data-elementor-open-lightbox=\"yes\" data-elementor-lightbox-title=\"SUIVI ET ALERTE DES INONDATIONS URBAINES ET FLUVIALES\" data-e-action-hash=\"#elementor-action%3Aaction%3Dlightbox%26settings%3DeyJpZCI6MTg1MywidXJsIjoiaHR0cHM6XC9cL3NvZGV4YW0uY29tXC93cC1jb250ZW50XC91cGxvYWRzXC8yMDI0XC8wMVwvU1VJVkktRVQtQUxFUlRFLURFUy1JTk9OREFUSU9OUy1VUkJBSU5FUy1FVC1GTFVWSUFMRVMucG5nIn0%3D\">\n\t\t\t\t\t\t\t<img loading=\"lazy\" decoding=\"async\" width=\"640\" height=\"258\" src=\"https:\/\/sodexam.com\/wp-content\/uploads\/2024\/01\/SUIVI-ET-ALERTE-DES-INONDATIONS-URBAINES-ET-FLUVIALES-1024x412.png\" class=\"attachment-large size-large wp-image-1853\" alt=\"\" srcset=\"https:\/\/sodexam.com\/wp-content\/uploads\/2024\/01\/SUIVI-ET-ALERTE-DES-INONDATIONS-URBAINES-ET-FLUVIALES-1024x412.png 1024w, https:\/\/sodexam.com\/wp-content\/uploads\/2024\/01\/SUIVI-ET-ALERTE-DES-INONDATIONS-URBAINES-ET-FLUVIALES-300x121.png 300w, https:\/\/sodexam.com\/wp-content\/uploads\/2024\/01\/SUIVI-ET-ALERTE-DES-INONDATIONS-URBAINES-ET-FLUVIALES-768x309.png 768w, https:\/\/sodexam.com\/wp-content\/uploads\/2024\/01\/SUIVI-ET-ALERTE-DES-INONDATIONS-URBAINES-ET-FLUVIALES-1536x617.png 1536w, https:\/\/sodexam.com\/wp-content\/uploads\/2024\/01\/SUIVI-ET-ALERTE-DES-INONDATIONS-URBAINES-ET-FLUVIALES-2048x823.png 2048w\" sizes=\"(max-width: 640px) 100vw, 640px\" \/>\t\t\t\t\t\t\t\t<\/a>\n\t\t\t\t\t\t\t\t\t\t\t\t\t\t\t<\/div>\n\t\t\t\t<\/div>\n\t\t\t\t\t<\/div>\n\t\t\t\t<\/div>\n\t\t\t\t\t<\/div>\n\t\t\t\t<\/div>\n\t\t\t\t<\/div>\n\t\t","protected":false},"excerpt":{"rendered":"<p>MR DAOUDA KONATE 1ER VICE PRESIDENT DE L&rsquo;OMM &#8211; DIRECTEUR DE LA METEOROLOGIE NATIONALE Coordonne les activit\u00e9s d\u2019observation, d\u2019\u00e9tudes et de pr\u00e9visions de m\u00e9t\u00e9orologie nationale ; Veille \u00e0 la gestion des r\u00e9seaux de stations et d\u2019\u00e9quipements m\u00e9t\u00e9orologiques ; D\u00e9veloppe des produits et services pour la m\u00e9t\u00e9o ; Promeut les services m\u00e9t\u00e9orologiques ; Coordonne des activit\u00e9s [&hellip;]<\/p>\n","protected":false},"author":1,"featured_media":0,"parent":0,"menu_order":0,"comment_status":"closed","ping_status":"closed","template":"","meta":{"footnotes":""},"class_list":["post-1810","page","type-page","status-publish","hentry"],"_links":{"self":[{"href":"https:\/\/sodexam.com\/index.php?rest_route=\/wp\/v2\/pages\/1810","targetHints":{"allow":["GET"]}}],"collection":[{"href":"https:\/\/sodexam.com\/index.php?rest_route=\/wp\/v2\/pages"}],"about":[{"href":"https:\/\/sodexam.com\/index.php?rest_route=\/wp\/v2\/types\/page"}],"author":[{"embeddable":true,"href":"https:\/\/sodexam.com\/index.php?rest_route=\/wp\/v2\/users\/1"}],"replies":[{"embeddable":true,"href":"https:\/\/sodexam.com\/index.php?rest_route=%2Fwp%2Fv2%2Fcomments&post=1810"}],"version-history":[{"count":18,"href":"https:\/\/sodexam.com\/index.php?rest_route=\/wp\/v2\/pages\/1810\/revisions"}],"predecessor-version":[{"id":2691,"href":"https:\/\/sodexam.com\/index.php?rest_route=\/wp\/v2\/pages\/1810\/revisions\/2691"}],"wp:attachment":[{"href":"https:\/\/sodexam.com\/index.php?rest_route=%2Fwp%2Fv2%2Fmedia&parent=1810"}],"curies":[{"name":"wp","href":"https:\/\/api.w.org\/{rel}","templated":true}]}}