{"id":889,"date":"2023-11-06T11:41:22","date_gmt":"2023-11-06T10:41:22","guid":{"rendered":"http:\/\/localhost\/sitetest\/?page_id=889"},"modified":"2024-02-01T23:04:37","modified_gmt":"2024-02-01T22:04:37","slug":"navigation-aerienne","status":"publish","type":"page","link":"https:\/\/sodexam.com\/?page_id=889","title":{"rendered":"NAVIGATION AERIENNE"},"content":{"rendered":"\t\t<div data-elementor-type=\"wp-page\" data-elementor-id=\"889\" class=\"elementor elementor-889\" data-elementor-post-type=\"page\">\n\t\t\t\t<div class=\"elementor-element elementor-element-eb23ca0 e-flex e-con-boxed magic-button-disabled-no e-con e-parent\" data-id=\"eb23ca0\" data-element_type=\"container\" data-e-type=\"container\">\n\t\t\t\t\t<div class=\"e-con-inner\">\n\t\t<div class=\"elementor-element elementor-element-e674cdc e-con-full e-flex magic-button-disabled-no e-con e-child\" data-id=\"e674cdc\" data-element_type=\"container\" data-e-type=\"container\">\n\t\t\t\t<div class=\"elementor-element elementor-element-b1c5e46 elementor-widget elementor-widget-text-editor\" data-id=\"b1c5e46\" data-element_type=\"widget\" data-e-type=\"widget\" data-widget_type=\"text-editor.default\">\n\t\t\t\t<div class=\"elementor-widget-container\">\n\t\t\t\t\t\t\t\t\t<ol><li><strong>PRESENTATION DES ACTIVITES<\/strong><\/li><\/ol><ul><li>Attributions<\/li><\/ul><p>\u00a0 La Direction de la Navigation a\u00e9rienne est charg\u00e9e principalement :<\/p><p>&#8211; de la mise en \u0153uvre de la r\u00e9glementation relative \u00e0 l\u2019Aviation Civile en mati\u00e8re de navigation a\u00e9rienne et d\u2019a\u00e9rodrome,<\/p><p>&#8211; de la coordination et de l\u2019exploitation des services de la navigation a\u00e9rienne et des a\u00e9rodromes de l\u2019int\u00e9rieur.<\/p><p>&#8211; de l\u2019\u00e9laboration, des mises \u00e0 jour et du suivi de la mise en \u0153uvre\u00a0:<\/p><ul><li>des manuels d\u2019exploitation<\/li><li>des manuels de phras\u00e9ologie<\/li><li>des programmes et plan de formation<\/li><li>des lettres d\u2019accords<\/li><li>des consignes de travail<\/li><li>de veiller \u00e0 ce que le niveau de prestation des services garanti la s\u00e9curit\u00e9 conform\u00e9ment aux exigences r\u00e8glementaires nationales et internationale+<\/li><\/ul>\t\t\t\t\t\t\t\t<\/div>\n\t\t\t\t<\/div>\n\t\t\t\t<\/div>\n\t\t<div class=\"elementor-element elementor-element-856aff1 e-con-full e-flex magic-button-disabled-no e-con e-child\" data-id=\"856aff1\" data-element_type=\"container\" data-e-type=\"container\">\n\t\t\t\t<div class=\"elementor-element elementor-element-7ba6f0c elementor-widget elementor-widget-image\" data-id=\"7ba6f0c\" data-element_type=\"widget\" data-e-type=\"widget\" data-widget_type=\"image.default\">\n\t\t\t\t<div class=\"elementor-widget-container\">\n\t\t\t\t\t\t\t\t\t\t\t\t<figure class=\"wp-caption\">\n\t\t\t\t\t\t\t\t\t\t<img fetchpriority=\"high\" decoding=\"async\" width=\"500\" height=\"600\" src=\"https:\/\/sodexam.com\/wp-content\/uploads\/2023\/12\/Directeur-de-la-Navigation-Aerienne-DNA-M.-ATTRO-Firmin.jpeg\" class=\"attachment-large size-large wp-image-1778\" alt=\"\" srcset=\"https:\/\/sodexam.com\/wp-content\/uploads\/2023\/12\/Directeur-de-la-Navigation-Aerienne-DNA-M.-ATTRO-Firmin.jpeg 500w, https:\/\/sodexam.com\/wp-content\/uploads\/2023\/12\/Directeur-de-la-Navigation-Aerienne-DNA-M.-ATTRO-Firmin-250x300.jpeg 250w\" sizes=\"(max-width: 500px) 100vw, 500px\" \/>\t\t\t\t\t\t\t\t\t\t\t<figcaption class=\"widget-image-caption wp-caption-text\">M. FIRMIN ATTRO - DIRECTEUR DE LA NAVIGATION AERIENNE<\/figcaption>\n\t\t\t\t\t\t\t\t\t\t<\/figure>\n\t\t\t\t\t\t\t\t\t<\/div>\n\t\t\t\t<\/div>\n\t\t\t\t<\/div>\n\t\t\t\t\t<\/div>\n\t\t\t\t<\/div>\n\t\t<div class=\"elementor-element elementor-element-1c82ddf e-flex e-con-boxed magic-button-disabled-no e-con e-parent\" data-id=\"1c82ddf\" data-element_type=\"container\" data-e-type=\"container\">\n\t\t\t\t\t<div class=\"e-con-inner\">\n\t\t\t\t<div class=\"elementor-element elementor-element-cf479c5 elementor-widget elementor-widget-text-editor\" data-id=\"cf479c5\" data-element_type=\"widget\" data-e-type=\"widget\" data-widget_type=\"text-editor.default\">\n\t\t\t\t<div class=\"elementor-widget-container\">\n\t\t\t\t\t\t\t\t\t<ul><li>de veiller \u00e0 la qualification et au maintien des comp\u00e9tences du personnel NA<\/li><li>de faire le suivi \u00e9valuation en permanence du fonctionnement des services NA<\/li><li>de proc\u00e9der aux enqu\u00eates de premi\u00e8res informations lors des accidents d\u2019aviation civile ou d\u2019incidents graves<\/li><li>de g\u00e9rer le syst\u00e8me de l\u2019information a\u00e9ronautique de la SODEXAM<\/li><li>d\u2019\u00e9laborer et de proc\u00e9der r\u00e9guli\u00e8rement \u00e0 la mise \u00e0 jour des proc\u00e9dures de vols<\/li><li>de r\u00e9aliser les \u00e9tudes de s\u00e9curit\u00e9 lors des changements dans le syst\u00e8me ATM de la SODEXAM<\/li><\/ul><p>Bas\u00e9e au si\u00e8ge de la SODEXAM \u00e0 Abidjan, elle exerce ses activit\u00e9s sur les plates formes de Bouak\u00e9, Korhogo, Man, Odienn\u00e9, San Pedro, Tabou et Yamoussoukro.<\/p><ul><li>Management<\/li><\/ul><p><strong>La Direction de la navigation a\u00e9rienne <\/strong>est plac\u00e9e sous la responsabilit\u00e9 d\u2019<strong>un Directeur et <\/strong>compos\u00e9e de deux (02) D\u00e9partements et d\u2019un (01) Service.<\/p><ul><li>Le D\u00e9partement ATS<\/li><li>Le D\u00e9partement AIM &amp; PANS-OPS<\/li><li>Le Service de sauvetage et de lutte contre les incendies d\u2019a\u00e9rodromes<\/li><\/ul>\t\t\t\t\t\t\t\t<\/div>\n\t\t\t\t<\/div>\n\t\t\t\t\t<\/div>\n\t\t\t\t<\/div>\n\t\t<div class=\"elementor-element elementor-element-e7729a6 e-flex e-con-boxed magic-button-disabled-no e-con e-parent\" data-id=\"e7729a6\" data-element_type=\"container\" data-e-type=\"container\">\n\t\t\t\t\t<div class=\"e-con-inner\">\n\t\t\t\t<div class=\"elementor-element elementor-element-07d13f0 elementor-widget elementor-widget-gallery\" data-id=\"07d13f0\" data-element_type=\"widget\" data-e-type=\"widget\" data-settings=\"{&quot;columns&quot;:3,&quot;lazyload&quot;:&quot;yes&quot;,&quot;gallery_layout&quot;:&quot;grid&quot;,&quot;columns_tablet&quot;:2,&quot;columns_mobile&quot;:1,&quot;gap&quot;:{&quot;unit&quot;:&quot;px&quot;,&quot;size&quot;:10,&quot;sizes&quot;:[]},&quot;gap_tablet&quot;:{&quot;unit&quot;:&quot;px&quot;,&quot;size&quot;:10,&quot;sizes&quot;:[]},&quot;gap_mobile&quot;:{&quot;unit&quot;:&quot;px&quot;,&quot;size&quot;:10,&quot;sizes&quot;:[]},&quot;link_to&quot;:&quot;file&quot;,&quot;aspect_ratio&quot;:&quot;3:2&quot;,&quot;overlay_background&quot;:&quot;yes&quot;,&quot;content_hover_animation&quot;:&quot;fade-in&quot;}\" data-widget_type=\"gallery.default\">\n\t\t\t\t<div class=\"elementor-widget-container\">\n\t\t\t\t\t\t\t<div class=\"elementor-gallery__container\">\n\t\t\t\t\t\t\t<a class=\"e-gallery-item elementor-gallery-item elementor-animated-content\" href=\"https:\/\/sodexam.com\/wp-content\/uploads\/2024\/02\/432A2143-scaled.jpg\" data-elementor-open-lightbox=\"yes\" data-elementor-lightbox-slideshow=\"07d13f0\" data-elementor-lightbox-title=\"432A2143\" data-e-action-hash=\"#elementor-action%3Aaction%3Dlightbox%26settings%3DeyJpZCI6MjY2NywidXJsIjoiaHR0cHM6XC9cL3NvZGV4YW0uY29tXC93cC1jb250ZW50XC91cGxvYWRzXC8yMDI0XC8wMlwvNDMyQTIxNDMtc2NhbGVkLmpwZyIsInNsaWRlc2hvdyI6IjA3ZDEzZjAifQ%3D%3D\">\n\t\t\t\t\t<div class=\"e-gallery-image elementor-gallery-item__image\" data-thumbnail=\"https:\/\/sodexam.com\/wp-content\/uploads\/2024\/02\/432A2143-300x200.jpg\" data-width=\"300\" data-height=\"200\" aria-label=\"\" role=\"img\" ><\/div>\n\t\t\t\t\t\t\t\t\t\t\t<div class=\"elementor-gallery-item__overlay\"><\/div>\n\t\t\t\t\t\t\t\t\t\t\t\t\t\t<\/a>\n\t\t\t\t\t\t\t<a class=\"e-gallery-item elementor-gallery-item elementor-animated-content\" href=\"https:\/\/sodexam.com\/wp-content\/uploads\/2024\/02\/432A2162-scaled.jpg\" data-elementor-open-lightbox=\"yes\" data-elementor-lightbox-slideshow=\"07d13f0\" data-elementor-lightbox-title=\"432A2162\" data-e-action-hash=\"#elementor-action%3Aaction%3Dlightbox%26settings%3DeyJpZCI6MjY3MywidXJsIjoiaHR0cHM6XC9cL3NvZGV4YW0uY29tXC93cC1jb250ZW50XC91cGxvYWRzXC8yMDI0XC8wMlwvNDMyQTIxNjItc2NhbGVkLmpwZyIsInNsaWRlc2hvdyI6IjA3ZDEzZjAifQ%3D%3D\">\n\t\t\t\t\t<div class=\"e-gallery-image elementor-gallery-item__image\" data-thumbnail=\"https:\/\/sodexam.com\/wp-content\/uploads\/2024\/02\/432A2162-300x200.jpg\" data-width=\"300\" data-height=\"200\" aria-label=\"\" role=\"img\" ><\/div>\n\t\t\t\t\t\t\t\t\t\t\t<div class=\"elementor-gallery-item__overlay\"><\/div>\n\t\t\t\t\t\t\t\t\t\t\t\t\t\t<\/a>\n\t\t\t\t\t\t\t<a class=\"e-gallery-item elementor-gallery-item elementor-animated-content\" href=\"https:\/\/sodexam.com\/wp-content\/uploads\/2024\/02\/432A2150-scaled.jpg\" data-elementor-open-lightbox=\"yes\" data-elementor-lightbox-slideshow=\"07d13f0\" data-elementor-lightbox-title=\"432A2150\" data-e-action-hash=\"#elementor-action%3Aaction%3Dlightbox%26settings%3DeyJpZCI6MjY2NSwidXJsIjoiaHR0cHM6XC9cL3NvZGV4YW0uY29tXC93cC1jb250ZW50XC91cGxvYWRzXC8yMDI0XC8wMlwvNDMyQTIxNTAtc2NhbGVkLmpwZyIsInNsaWRlc2hvdyI6IjA3ZDEzZjAifQ%3D%3D\">\n\t\t\t\t\t<div class=\"e-gallery-image elementor-gallery-item__image\" data-thumbnail=\"https:\/\/sodexam.com\/wp-content\/uploads\/2024\/02\/432A2150-300x200.jpg\" data-width=\"300\" data-height=\"200\" aria-label=\"\" role=\"img\" ><\/div>\n\t\t\t\t\t\t\t\t\t\t\t<div class=\"elementor-gallery-item__overlay\"><\/div>\n\t\t\t\t\t\t\t\t\t\t\t\t\t\t<\/a>\n\t\t\t\t\t<\/div>\n\t\t\t\t\t<\/div>\n\t\t\t\t<\/div>\n\t\t\t\t\t<\/div>\n\t\t\t\t<\/div>\n\t\t<div class=\"elementor-element elementor-element-a545cb9 e-flex e-con-boxed magic-button-disabled-no e-con e-parent\" data-id=\"a545cb9\" data-element_type=\"container\" data-e-type=\"container\">\n\t\t\t\t\t<div class=\"e-con-inner\">\n\t\t\t\t<div class=\"elementor-element elementor-element-fcebc94 elementor-widget elementor-widget-text-editor\" data-id=\"fcebc94\" data-element_type=\"widget\" data-e-type=\"widget\" data-widget_type=\"text-editor.default\">\n\t\t\t\t<div class=\"elementor-widget-container\">\n\t\t\t\t\t\t\t\t\t<p><strong>1.3.\u00a0\u00a0\u00a0 Les activit\u00e9s de la Navigation A\u00e9rienne<\/strong><\/p><p>La Navigation A\u00e9rienne est une chaine d\u2019activit\u00e9s \u00e0 quatre (4) maillons (corps de m\u00e9tier) solidaires\u00a0:<\/p><ul><li>Le management de la Navigation a\u00e9rienne<\/li><li>La gestion du trafic a\u00e9rien (ATS\/ATM)<\/li><li>La gestion de l\u2019information a\u00e9ronautique (AIM)<\/li><li>L\u2019\u00e9laboration et la gestion des proc\u00e9dures de vol<\/li><li>Le service de lutte contre les incendies (SLIA)<\/li><\/ul><p><strong>1.3.1 <u>Le Management<\/u><\/strong><\/p><p>Il est en charge de\u00a0:<\/p><ul><li>la supervision et la coordination de toutes les activit\u00e9s et entit\u00e9s conform\u00e9ment \u00e0 la r\u00e8glementation en vigueur \u00e0 la mati\u00e8re.<\/li><li>L\u2019\u00e9laboration des documents de travail et des programmes et plans de formation du personnel op\u00e9rationnel.<\/li><li>Le suivi quotidien des plannings de travail<\/li><li>La d\u00e9finition des objectifs strat\u00e9giques de la direction<\/li><\/ul><p><strong>Cette activit\u00e9 est d\u00e9volue aux ing\u00e9nieurs de la Navigations a\u00e9rienne.<\/strong><\/p><p><strong>1.3.2 <u>La gestion du trafic a\u00e9rien.<\/u><\/strong><\/p><p>Elle consiste \u00e0 la fourniture des services de la circulation a\u00e9rienne tels que d\u00e9finis dans l\u2019annexe 2 \u00e0 la convention de l\u2019aviation civile internationale\u00a0:<\/p><ul><li>Le service<strong> de contr\u00f4le de la circulation <\/strong>rendu dans les CTR et les TMA des a\u00e9rodromes contr\u00f4l\u00e9s\u00a0;<\/li><\/ul><p>Ce service est rendu par les contr\u00f4leurs a\u00e9riens dans les tours de contr\u00f4le des a\u00e9rodromes de Bouak\u00e9, San-Pedro et Yamoussoukro.<\/p><ul><li>Le service <strong>d\u2019information de vols<\/strong>;<\/li><\/ul><p>Ce service est rendu par les techniciens de l\u2019aviation civile (TAC) dans les tours de Contr\u00f4le des a\u00e9rodromes de Korhogo, Man, Odienn\u00e9, et Tabou<\/p><ul><li>Le service d\u2019alerte<\/li><\/ul><p>Il est rendu \u00e0 la fois par les contr\u00f4leurs et les agents AFIS (TAC)<\/p><p><strong>Cette activit\u00e9 est assur\u00e9e par les Techniciens Sup\u00e9rieur de la navigation a\u00e9rienne (Contr\u00f4leurs a\u00e9riens\/TSNA) d\u2019une part et les techniciens de l\u2019aviation civile (TAC) d\u2019autre part<\/strong><\/p><p><strong>1.3.3. <u>La Gestion de l\u2019Information A\u00e9ronautique<\/u><\/strong><\/p><p>Elle consiste \u00e0 collecter et \u00e0 diffuser toutes les informations li\u00e9es \u00e0 l\u2019\u00e9tat du domaine et des infrastructures a\u00e9roportuaires, des services de la navigation a\u00e9rienne et de la m\u00e9t\u00e9orologie a\u00e9ronautique.<\/p><p>Elle se fait \u00e0 travers les bureaux de pistes, les services AFIS(TWR) et les bureaux AIM sur tous les a\u00e9roports et au si\u00e8ge \u00e0 Abidjan.<\/p><p><strong>Cette activit\u00e9 est assur\u00e9e par les Techniciens Sup\u00e9rieur de la navigation a\u00e9rienne d\u2019une part et les techniciens de l\u2019aviation civile (TAC) d\u2019autre part<\/strong><\/p><p><strong><u>1.3.4 Les proc\u00e9dures de vols<\/u><\/strong><\/p><p>Cette unit\u00e9 est charg\u00e9e de l\u2019\u00e9laboration et de la mise \u00e0 jour r\u00e9guli\u00e8re de proc\u00e9dures de vols bas\u00e9es aussi bien sur les aides au sol que sur les donn\u00e9es satellitaires. La direction est \u00e9quip\u00e9e d\u2019une unit\u00e9 de production et de mise \u00e0 jour des proc\u00e9dures de vol.<\/p><p><strong>Cette activit\u00e9 est faite par aussi bien par des ing\u00e9nieurs que par des techniciens de l\u2019aviation civile qualifi\u00e9s en la mati\u00e8re<\/strong><\/p>\t\t\t\t\t\t\t\t<\/div>\n\t\t\t\t<\/div>\n\t\t\t\t\t<\/div>\n\t\t\t\t<\/div>\n\t\t<div class=\"elementor-element elementor-element-18940de e-flex e-con-boxed magic-button-disabled-no e-con e-parent\" data-id=\"18940de\" data-element_type=\"container\" data-e-type=\"container\">\n\t\t\t\t\t<div class=\"e-con-inner\">\n\t\t\t\t<div class=\"elementor-element elementor-element-69b1578 elementor-widget elementor-widget-gallery\" data-id=\"69b1578\" data-element_type=\"widget\" data-e-type=\"widget\" data-settings=\"{&quot;columns&quot;:2,&quot;gap&quot;:{&quot;unit&quot;:&quot;px&quot;,&quot;size&quot;:25,&quot;sizes&quot;:[]},&quot;lazyload&quot;:&quot;yes&quot;,&quot;gallery_layout&quot;:&quot;grid&quot;,&quot;columns_tablet&quot;:2,&quot;columns_mobile&quot;:1,&quot;gap_tablet&quot;:{&quot;unit&quot;:&quot;px&quot;,&quot;size&quot;:10,&quot;sizes&quot;:[]},&quot;gap_mobile&quot;:{&quot;unit&quot;:&quot;px&quot;,&quot;size&quot;:10,&quot;sizes&quot;:[]},&quot;link_to&quot;:&quot;file&quot;,&quot;aspect_ratio&quot;:&quot;3:2&quot;,&quot;overlay_background&quot;:&quot;yes&quot;,&quot;content_hover_animation&quot;:&quot;fade-in&quot;}\" data-widget_type=\"gallery.default\">\n\t\t\t\t<div class=\"elementor-widget-container\">\n\t\t\t\t\t\t\t<div class=\"elementor-gallery__container\">\n\t\t\t\t\t\t\t<a class=\"e-gallery-item elementor-gallery-item elementor-animated-content\" href=\"https:\/\/sodexam.com\/wp-content\/uploads\/2024\/02\/432A0425-scaled.jpg\" data-elementor-open-lightbox=\"yes\" data-elementor-lightbox-slideshow=\"69b1578\" data-elementor-lightbox-title=\"432A0425\" data-e-action-hash=\"#elementor-action%3Aaction%3Dlightbox%26settings%3DeyJpZCI6MjY2MiwidXJsIjoiaHR0cHM6XC9cL3NvZGV4YW0uY29tXC93cC1jb250ZW50XC91cGxvYWRzXC8yMDI0XC8wMlwvNDMyQTA0MjUtc2NhbGVkLmpwZyIsInNsaWRlc2hvdyI6IjY5YjE1NzgifQ%3D%3D\">\n\t\t\t\t\t<div class=\"e-gallery-image elementor-gallery-item__image\" data-thumbnail=\"https:\/\/sodexam.com\/wp-content\/uploads\/2024\/02\/432A0425-768x406.jpg\" data-width=\"640\" data-height=\"338\" aria-label=\"\" role=\"img\" ><\/div>\n\t\t\t\t\t\t\t\t\t\t\t<div class=\"elementor-gallery-item__overlay\"><\/div>\n\t\t\t\t\t\t\t\t\t\t\t\t\t\t<\/a>\n\t\t\t\t\t\t\t<a class=\"e-gallery-item elementor-gallery-item elementor-animated-content\" href=\"https:\/\/sodexam.com\/wp-content\/uploads\/2024\/02\/432A0118-scaled.jpg\" data-elementor-open-lightbox=\"yes\" data-elementor-lightbox-slideshow=\"69b1578\" data-elementor-lightbox-title=\"432A0118\" data-e-action-hash=\"#elementor-action%3Aaction%3Dlightbox%26settings%3DeyJpZCI6MjY2MSwidXJsIjoiaHR0cHM6XC9cL3NvZGV4YW0uY29tXC93cC1jb250ZW50XC91cGxvYWRzXC8yMDI0XC8wMlwvNDMyQTAxMTgtc2NhbGVkLmpwZyIsInNsaWRlc2hvdyI6IjY5YjE1NzgifQ%3D%3D\">\n\t\t\t\t\t<div class=\"e-gallery-image elementor-gallery-item__image\" data-thumbnail=\"https:\/\/sodexam.com\/wp-content\/uploads\/2024\/02\/432A0118-768x512.jpg\" data-width=\"640\" data-height=\"427\" aria-label=\"\" role=\"img\" ><\/div>\n\t\t\t\t\t\t\t\t\t\t\t<div class=\"elementor-gallery-item__overlay\"><\/div>\n\t\t\t\t\t\t\t\t\t\t\t\t\t\t<\/a>\n\t\t\t\t\t<\/div>\n\t\t\t\t\t<\/div>\n\t\t\t\t<\/div>\n\t\t\t\t\t<\/div>\n\t\t\t\t<\/div>\n\t\t<div class=\"elementor-element elementor-element-6c8eff4 e-flex e-con-boxed magic-button-disabled-no e-con e-parent\" data-id=\"6c8eff4\" data-element_type=\"container\" data-e-type=\"container\">\n\t\t\t\t\t<div class=\"e-con-inner\">\n\t\t\t\t<div class=\"elementor-element elementor-element-f2d8ce8 elementor-widget elementor-widget-text-editor\" data-id=\"f2d8ce8\" data-element_type=\"widget\" data-e-type=\"widget\" data-widget_type=\"text-editor.default\">\n\t\t\t\t<div class=\"elementor-widget-container\">\n\t\t\t\t\t\t\t\t\t<p><strong>1.3.5 <u>La lutte contre les incendies<\/u><\/strong><\/p><p>Elle a pour mission de sauver des vies humaines en cas d\u2019accidents ou d\u2019incidents grave d\u2019a\u00e9ronef survenant sur l\u2019a\u00e9rodrome ou son voisinage, par la mise en place sur les plates formes a\u00e9roportuaires de moyens et d\u2019une organisation adapt\u00e9e au niveau de protection requis d\u00e9termin\u00e9 selon la classe de l\u2019a\u00e9ronef desservant l\u2019a\u00e9roport.<\/p><p>Elle consiste \u00e0 pr\u00e9venir les feux d\u2019aviation et assister les vols en d\u00e9tresse, les a\u00e9ronefs ayant subi un accident ainsi que sur les feux des installations a\u00e9ronautiques de l\u2019a\u00e9roport pour d\u2019une part sauver des vies humaines et des biens et d\u2019autre part circonscrire si possible les d\u00e9g\u00e2ts.<\/p><p>Elle est assur\u00e9e par les unit\u00e9s de Lutte contre les incendies d\u2019a\u00e9rodrome (SLIA) sur les a\u00e9roports de Bouak\u00e9, Daloa, Korhogo, Man, Odienn\u00e9, San Pedro et Yamoussoukro.<\/p><p>L\u2019Organisation de l\u2019Aviation Civile Internationale a d\u00e9fini, conform\u00e9ment au niveau d\u2019activit\u00e9s et moyens disponibles des niveaux croissants de s\u00e9curit\u00e9 \u00e0 assurer appel\u00e9s niveaux de protection de l\u2019a\u00e9roport.<\/p><p>Ainsi, la direction de la Navigation a\u00e9rienne \u00e0 travers les SLIA assure les niveaux de protection suivants\u00a0:<\/p><p>Niveau de Protection 5\u00a0: Yamoussoukro<\/p><p>Niveau de Protection 5\u00a0: Bouak\u00e9, Korhogo, Man, Odienn\u00e9 et San Pedro<\/p><p><strong>Cette activit\u00e9 est assur\u00e9e par les pompiers d\u2019a\u00e9rodrome<\/strong><\/p>\t\t\t\t\t\t\t\t<\/div>\n\t\t\t\t<\/div>\n\t\t\t\t\t<\/div>\n\t\t\t\t<\/div>\n\t\t<div class=\"elementor-element elementor-element-c28de7c e-flex e-con-boxed magic-button-disabled-no e-con e-parent\" data-id=\"c28de7c\" data-element_type=\"container\" data-e-type=\"container\">\n\t\t\t\t\t<div class=\"e-con-inner\">\n\t\t\t\t<div class=\"elementor-element elementor-element-0e06157 elementor-widget elementor-widget-gallery\" data-id=\"0e06157\" data-element_type=\"widget\" data-e-type=\"widget\" data-settings=\"{&quot;columns&quot;:3,&quot;lazyload&quot;:&quot;yes&quot;,&quot;gallery_layout&quot;:&quot;grid&quot;,&quot;columns_tablet&quot;:2,&quot;columns_mobile&quot;:1,&quot;gap&quot;:{&quot;unit&quot;:&quot;px&quot;,&quot;size&quot;:10,&quot;sizes&quot;:[]},&quot;gap_tablet&quot;:{&quot;unit&quot;:&quot;px&quot;,&quot;size&quot;:10,&quot;sizes&quot;:[]},&quot;gap_mobile&quot;:{&quot;unit&quot;:&quot;px&quot;,&quot;size&quot;:10,&quot;sizes&quot;:[]},&quot;link_to&quot;:&quot;file&quot;,&quot;aspect_ratio&quot;:&quot;3:2&quot;,&quot;overlay_background&quot;:&quot;yes&quot;,&quot;content_hover_animation&quot;:&quot;fade-in&quot;}\" data-widget_type=\"gallery.default\">\n\t\t\t\t<div class=\"elementor-widget-container\">\n\t\t\t\t\t\t\t<div class=\"elementor-gallery__container\">\n\t\t\t\t\t\t\t<a class=\"e-gallery-item elementor-gallery-item elementor-animated-content\" href=\"https:\/\/sodexam.com\/wp-content\/uploads\/2024\/02\/432A2842-scaled.jpg\" data-elementor-open-lightbox=\"yes\" data-elementor-lightbox-slideshow=\"0e06157\" data-elementor-lightbox-title=\"432A2842\" data-e-action-hash=\"#elementor-action%3Aaction%3Dlightbox%26settings%3DeyJpZCI6MjY2NiwidXJsIjoiaHR0cHM6XC9cL3NvZGV4YW0uY29tXC93cC1jb250ZW50XC91cGxvYWRzXC8yMDI0XC8wMlwvNDMyQTI4NDItc2NhbGVkLmpwZyIsInNsaWRlc2hvdyI6IjBlMDYxNTcifQ%3D%3D\">\n\t\t\t\t\t<div class=\"e-gallery-image elementor-gallery-item__image\" data-thumbnail=\"https:\/\/sodexam.com\/wp-content\/uploads\/2024\/02\/432A2842-300x289.jpg\" data-width=\"300\" data-height=\"289\" aria-label=\"\" role=\"img\" ><\/div>\n\t\t\t\t\t\t\t\t\t\t\t<div class=\"elementor-gallery-item__overlay\"><\/div>\n\t\t\t\t\t\t\t\t\t\t\t\t\t\t<\/a>\n\t\t\t\t\t\t\t<a class=\"e-gallery-item elementor-gallery-item elementor-animated-content\" href=\"https:\/\/sodexam.com\/wp-content\/uploads\/2024\/02\/432A0591-scaled.jpg\" data-elementor-open-lightbox=\"yes\" data-elementor-lightbox-slideshow=\"0e06157\" data-elementor-lightbox-title=\"432A0591\" data-e-action-hash=\"#elementor-action%3Aaction%3Dlightbox%26settings%3DeyJpZCI6MjY2NCwidXJsIjoiaHR0cHM6XC9cL3NvZGV4YW0uY29tXC93cC1jb250ZW50XC91cGxvYWRzXC8yMDI0XC8wMlwvNDMyQTA1OTEtc2NhbGVkLmpwZyIsInNsaWRlc2hvdyI6IjBlMDYxNTcifQ%3D%3D\">\n\t\t\t\t\t<div class=\"e-gallery-image elementor-gallery-item__image\" data-thumbnail=\"https:\/\/sodexam.com\/wp-content\/uploads\/2024\/02\/432A0591-300x200.jpg\" data-width=\"300\" data-height=\"200\" aria-label=\"\" role=\"img\" ><\/div>\n\t\t\t\t\t\t\t\t\t\t\t<div class=\"elementor-gallery-item__overlay\"><\/div>\n\t\t\t\t\t\t\t\t\t\t\t\t\t\t<\/a>\n\t\t\t\t\t\t\t<a class=\"e-gallery-item elementor-gallery-item elementor-animated-content\" href=\"https:\/\/sodexam.com\/wp-content\/uploads\/2024\/02\/432A0454-scaled.jpg\" data-elementor-open-lightbox=\"yes\" data-elementor-lightbox-slideshow=\"0e06157\" data-elementor-lightbox-title=\"432A0454\" data-e-action-hash=\"#elementor-action%3Aaction%3Dlightbox%26settings%3DeyJpZCI6MjY2MywidXJsIjoiaHR0cHM6XC9cL3NvZGV4YW0uY29tXC93cC1jb250ZW50XC91cGxvYWRzXC8yMDI0XC8wMlwvNDMyQTA0NTQtc2NhbGVkLmpwZyIsInNsaWRlc2hvdyI6IjBlMDYxNTcifQ%3D%3D\">\n\t\t\t\t\t<div class=\"e-gallery-image elementor-gallery-item__image\" data-thumbnail=\"https:\/\/sodexam.com\/wp-content\/uploads\/2024\/02\/432A0454-300x226.jpg\" data-width=\"300\" data-height=\"226\" aria-label=\"\" role=\"img\" ><\/div>\n\t\t\t\t\t\t\t\t\t\t\t<div class=\"elementor-gallery-item__overlay\"><\/div>\n\t\t\t\t\t\t\t\t\t\t\t\t\t\t<\/a>\n\t\t\t\t\t<\/div>\n\t\t\t\t\t<\/div>\n\t\t\t\t<\/div>\n\t\t\t\t\t<\/div>\n\t\t\t\t<\/div>\n\t\t\t\t<\/div>\n\t\t","protected":false},"excerpt":{"rendered":"<p>PRESENTATION DES ACTIVITES Attributions \u00a0 La Direction de la Navigation a\u00e9rienne est charg\u00e9e principalement : &#8211; de la mise en \u0153uvre de la r\u00e9glementation relative \u00e0 l\u2019Aviation Civile en mati\u00e8re de navigation a\u00e9rienne et d\u2019a\u00e9rodrome, &#8211; de la coordination et de l\u2019exploitation des services de la navigation a\u00e9rienne et des a\u00e9rodromes de l\u2019int\u00e9rieur. &#8211; de [&hellip;]<\/p>\n","protected":false},"author":1,"featured_media":0,"parent":0,"menu_order":0,"comment_status":"closed","ping_status":"closed","template":"","meta":{"footnotes":""},"class_list":["post-889","page","type-page","status-publish","hentry"],"_links":{"self":[{"href":"https:\/\/sodexam.com\/index.php?rest_route=\/wp\/v2\/pages\/889","targetHints":{"allow":["GET"]}}],"collection":[{"href":"https:\/\/sodexam.com\/index.php?rest_route=\/wp\/v2\/pages"}],"about":[{"href":"https:\/\/sodexam.com\/index.php?rest_route=\/wp\/v2\/types\/page"}],"author":[{"embeddable":true,"href":"https:\/\/sodexam.com\/index.php?rest_route=\/wp\/v2\/users\/1"}],"replies":[{"embeddable":true,"href":"https:\/\/sodexam.com\/index.php?rest_route=%2Fwp%2Fv2%2Fcomments&post=889"}],"version-history":[{"count":22,"href":"https:\/\/sodexam.com\/index.php?rest_route=\/wp\/v2\/pages\/889\/revisions"}],"predecessor-version":[{"id":2686,"href":"https:\/\/sodexam.com\/index.php?rest_route=\/wp\/v2\/pages\/889\/revisions\/2686"}],"wp:attachment":[{"href":"https:\/\/sodexam.com\/index.php?rest_route=%2Fwp%2Fv2%2Fmedia&parent=889"}],"curies":[{"name":"wp","href":"https:\/\/api.w.org\/{rel}","templated":true}]}}