{"id":891,"date":"2023-11-06T11:41:51","date_gmt":"2023-11-06T10:41:51","guid":{"rendered":"http:\/\/localhost\/sitetest\/?page_id=891"},"modified":"2024-08-19T10:35:45","modified_gmt":"2024-08-19T08:35:45","slug":"meteorologie","status":"publish","type":"page","link":"https:\/\/sodexam.com\/?page_id=891","title":{"rendered":"METEOROLOGIE"},"content":{"rendered":"\t\t<div data-elementor-type=\"wp-page\" data-elementor-id=\"891\" class=\"elementor elementor-891\" data-elementor-post-type=\"page\">\n\t\t\t\t<div class=\"elementor-element elementor-element-5641f4e e-flex e-con-boxed e-con e-parent\" data-id=\"5641f4e\" data-element_type=\"container\" data-e-type=\"container\">\n\t\t\t\t\t<div class=\"e-con-inner\">\n\t\t<div class=\"elementor-element elementor-element-26111ef e-con-full e-flex e-con e-child\" data-id=\"26111ef\" data-element_type=\"container\" data-e-type=\"container\">\n\t\t\t\t<div class=\"elementor-element elementor-element-61bb27e elementor-widget elementor-widget-image\" data-id=\"61bb27e\" data-element_type=\"widget\" data-e-type=\"widget\" data-widget_type=\"image.default\">\n\t\t\t\t<div class=\"elementor-widget-container\">\n\t\t\t\t\t\t\t\t\t\t\t\t\t\t\t<img decoding=\"async\" width=\"1\" height=\"1\" src=\"https:\/\/sodexam.com\/wp-content\/uploads\/2024\/08\/BULLETIN-METEO-DU-19-08-2024.jpg\" class=\"attachment-large size-large wp-image-3056\" alt=\"\" \/>\t\t\t\t\t\t\t\t\t\t\t\t\t\t\t<\/div>\n\t\t\t\t<\/div>\n\t\t\t\t<div class=\"elementor-element elementor-element-a643052 elementor-widget elementor-widget-he-news-module-twelve\" data-id=\"a643052\" data-element_type=\"widget\" data-e-type=\"widget\" data-widget_type=\"he-news-module-twelve.default\">\n\t\t\t\t<div class=\"elementor-widget-container\">\n\t\t\t\t\t<div id=\"vp-block-uid-69e8716321849\" class=\"vp-block vl-news-block vl-thumb-default\"  data-block-uid='vp-block-uid-69e8716321849' data-action='vp_load_posts_block' data-query='{\"orderby\":\"date\",\"order\":\"DESC\",\"ignore_sticky_posts\":1,\"post_status\":\"publish\",\"posts_per_page\":10,\"offset\":0,\"post_type\":\"post\",\"tax_query\":{\"relation\":\"OR\",\"0\":{\"taxonomy\":\"category\",\"field\":\"term_id\",\"terms\":[\"54\"]}},\"post__not_in\":\"\",\"paged\":1}' data-settings='{\"block_type\":\"news_block_twelve\",\"post_author\":\"\",\"post_date\":\"yes\",\"post_comment\":\"\",\"post_category\":\"\",\"excerpt_length\":0,\"post_image_size\":\"viral-pro-360x240\",\"date_format\":\"default\",\"custom_date_format\":null,\"pagination\":\"none\",\"show_remaining\":null}' data-total='11' data-current='1' data-maxpages='2'><div class=\"vp-block-header vl-title-style2 vp-no-filter\"><h2 class=\"vp-block-title\"><span class=\"vl-title\">ACTUALITES METEOROLOGIQUES<\/span><\/h2><\/div><div class=\"vp-block-inner\"><div class=\"vl-double-small-block\">        <div class=\"vl-post-item ht-clearfix vp-module post-3959 post type-post status-publish format-standard has-post-thumbnail hentry category-eco-des-plateformes category-meteorologie category-station-meteo category-vie-en-entreprise\">\n            <div class=\"vl-post-thumb\">\n                <a href=\"https:\/\/sodexam.com\/?p=3959\">\n                    <div class=\"vl-thumb-container\">\n                        <img decoding=\"async\" alt=\"METEOROLOGIE\" src=\"https:\/\/sodexam.com\/wp-content\/uploads\/2024\/11\/Visite-dentreprise-Des-etudiants-en-geographie-a-la-SODEXAM-3-360x240.jpg\"\/>                    <\/div>\n                <\/a>\n            <\/div>\n\n            <div class=\"vl-post-content\">\n                                <h3 class=\"vl-post-title\"><a href=\"https:\/\/sodexam.com\/?p=3959\">Visite P\u00e9dagogique &#8211; Des \u00e9tudiants en g\u00e9ographie visitent le si\u00e8ge de la SODEXAM<\/a><\/h3>\n                            <div class=\"vl-post-metas\">\n                <span class=\"vl-posted-on\"><i class=\"mdi mdi-clock-time-four-outline\"><\/i>26 novembre 2024<\/span>            <\/div>\n                                        <\/div>\n        <\/div>\n                <div class=\"vl-post-item ht-clearfix vp-module post-3389 post type-post status-publish format-standard has-post-thumbnail hentry category-actualite category-eco-des-plateformes category-meteorologie\">\n            <div class=\"vl-post-thumb\">\n                <a href=\"https:\/\/sodexam.com\/?p=3389\">\n                    <div class=\"vl-thumb-container\">\n                        <img decoding=\"async\" alt=\"METEOROLOGIE\" src=\"https:\/\/sodexam.com\/wp-content\/uploads\/2024\/09\/ECHOS-DES-PLATES-FORMES-2EME-EDITION-DU-FESTIVAL-DES-ARTS-ET-DE-LA-CULTURE-DU-MONDE-DJIMINI-FECAD-1-360x240.jpg\"\/>                    <\/div>\n                <\/a>\n            <\/div>\n\n            <div class=\"vl-post-content\">\n                                <h3 class=\"vl-post-title\"><a href=\"https:\/\/sodexam.com\/?p=3389\">2\u00e8 EDITION DU FESTIVAL DES ARTS ET DE LA CULTURE DU MONDE DJIMINI (FECAD) &#8211; La SODEXAM accompagne les cultivateurs pour une agriculture durable<\/a><\/h3>\n                            <div class=\"vl-post-metas\">\n                <span class=\"vl-posted-on\"><i class=\"mdi mdi-clock-time-four-outline\"><\/i>17 septembre 2024<\/span>            <\/div>\n                                        <\/div>\n        <\/div>\n                <div class=\"vl-post-item ht-clearfix vp-module post-3381 post type-post status-publish format-standard has-post-thumbnail hentry category-actualite category-eco-des-plateformes category-meteorologie\">\n            <div class=\"vl-post-thumb\">\n                <a href=\"https:\/\/sodexam.com\/?p=3381\">\n                    <div class=\"vl-thumb-container\">\n                        <img decoding=\"async\" alt=\"METEOROLOGIE\" src=\"https:\/\/sodexam.com\/wp-content\/uploads\/2024\/09\/Actualites-Changement-climatique-3-360x240.jpeg\"\/>                    <\/div>\n                <\/a>\n            <\/div>\n\n            <div class=\"vl-post-content\">\n                                <h3 class=\"vl-post-title\"><a href=\"https:\/\/sodexam.com\/?p=3381\">CHANGEMENT CLIMATIQUE &#8211; Des agriculteurs du village Kpata form\u00e9s aux bonnes pratiques culturales<\/a><\/h3>\n                            <div class=\"vl-post-metas\">\n                <span class=\"vl-posted-on\"><i class=\"mdi mdi-clock-time-four-outline\"><\/i>17 septembre 2024<\/span>            <\/div>\n                                        <\/div>\n        <\/div>\n                <div class=\"vl-post-item ht-clearfix vp-module post-2950 post type-post status-publish format-standard has-post-thumbnail hentry category-a-la-une category-actualite category-meteorologie\">\n            <div class=\"vl-post-thumb\">\n                <a href=\"https:\/\/sodexam.com\/?p=2950\">\n                    <div class=\"vl-thumb-container\">\n                        <img decoding=\"async\" alt=\"METEOROLOGIE\" src=\"https:\/\/sodexam.com\/wp-content\/uploads\/2024\/06\/VISITE-PEDAGOGIQUE-PROMOTION-DES-SCIENCES-CHEZ-LES-JEUNES-FILLES-Visite-du-club-scientifique-du-groupe-scolaire-Danielou-de-Cocody-L-Les-eleves-visite-les-service-climatologie-scaled-1-360x240.jpg\"\/>                    <\/div>\n                <\/a>\n            <\/div>\n\n            <div class=\"vl-post-content\">\n                                <h3 class=\"vl-post-title\"><a href=\"https:\/\/sodexam.com\/?p=2950\">Promotion des sciences chez les jeunes filles \u2013 Visite du groupe scolaire Dani\u00e9lou de Cocody<\/a><\/h3>\n                            <div class=\"vl-post-metas\">\n                <span class=\"vl-posted-on\"><i class=\"mdi mdi-clock-time-four-outline\"><\/i>29 juin 2024<\/span>            <\/div>\n                                        <\/div>\n        <\/div>\n                <div class=\"vl-post-item ht-clearfix vp-module post-2934 post type-post status-publish format-standard has-post-thumbnail hentry category-a-la-une category-actualite category-meteorologie\">\n            <div class=\"vl-post-thumb\">\n                <a href=\"https:\/\/sodexam.com\/?p=2934\">\n                    <div class=\"vl-thumb-container\">\n                        <img decoding=\"async\" alt=\"METEOROLOGIE\" src=\"https:\/\/sodexam.com\/wp-content\/uploads\/2024\/06\/18-04-2024-Atelier-Meteo-28-scaled-1-360x240.jpg\"\/>                    <\/div>\n                <\/a>\n            <\/div>\n\n            <div class=\"vl-post-content\">\n                                <h3 class=\"vl-post-title\"><a href=\"https:\/\/sodexam.com\/?p=2934\">Atelier de restitution \u2013 La SODEXAM \u00e0 annonc\u00e9 les pr\u00e9visions de la prochaine saison pluvieuse<\/a><\/h3>\n                            <div class=\"vl-post-metas\">\n                <span class=\"vl-posted-on\"><i class=\"mdi mdi-clock-time-four-outline\"><\/i>29 juin 2024<\/span>            <\/div>\n                                        <\/div>\n        <\/div>\n                <div class=\"vl-post-item ht-clearfix vp-module post-2921 post type-post status-publish format-standard has-post-thumbnail hentry category-a-la-une category-activite-dg category-actualite category-meteorologie\">\n            <div class=\"vl-post-thumb\">\n                <a href=\"https:\/\/sodexam.com\/?p=2921\">\n                    <div class=\"vl-thumb-container\">\n                        <img decoding=\"async\" alt=\"METEOROLOGIE\" src=\"https:\/\/sodexam.com\/wp-content\/uploads\/2024\/06\/03-05-2024-Seminaire-Meteo-VIGICLIMM-52-scaled-1-360x240.jpg\"\/>                    <\/div>\n                <\/a>\n            <\/div>\n\n            <div class=\"vl-post-content\">\n                                <h3 class=\"vl-post-title\"><a href=\"https:\/\/sodexam.com\/?p=2921\">Projet VIGICLIMM \u2013 2\u00e8me R\u00e9union du Comit\u00e9 de Pilotage<\/a><\/h3>\n                            <div class=\"vl-post-metas\">\n                <span class=\"vl-posted-on\"><i class=\"mdi mdi-clock-time-four-outline\"><\/i>29 juin 2024<\/span>            <\/div>\n                                        <\/div>\n        <\/div>\n                <div class=\"vl-post-item ht-clearfix vp-module post-2908 post type-post status-publish format-standard has-post-thumbnail hentry category-a-la-une category-actualite category-meteorologie\">\n            <div class=\"vl-post-thumb\">\n                <a href=\"https:\/\/sodexam.com\/?p=2908\">\n                    <div class=\"vl-thumb-container\">\n                        <img decoding=\"async\" alt=\"METEOROLOGIE\" src=\"https:\/\/sodexam.com\/wp-content\/uploads\/2024\/06\/25-04-2024-Atelier-Meteo-sur-la-Diffusion-dalerte-precoses-74-scaled-1-360x240.jpg\"\/>                    <\/div>\n                <\/a>\n            <\/div>\n\n            <div class=\"vl-post-content\">\n                                <h3 class=\"vl-post-title\"><a href=\"https:\/\/sodexam.com\/?p=2908\">Atelier National avec les m\u00e9dias sur la diffusion d\u2019Alertes pr\u00e9coces<\/a><\/h3>\n                            <div class=\"vl-post-metas\">\n                <span class=\"vl-posted-on\"><i class=\"mdi mdi-clock-time-four-outline\"><\/i>29 juin 2024<\/span>            <\/div>\n                                        <\/div>\n        <\/div>\n                <div class=\"vl-post-item ht-clearfix vp-module post-2901 post type-post status-publish format-standard has-post-thumbnail hentry category-eco-des-plateformes category-meteorologie\">\n            <div class=\"vl-post-thumb\">\n                <a href=\"https:\/\/sodexam.com\/?p=2901\">\n                    <div class=\"vl-thumb-container\">\n                        <img decoding=\"async\" alt=\"METEOROLOGIE\" src=\"https:\/\/sodexam.com\/wp-content\/uploads\/2024\/06\/Celebration-de-la-Journee-Meteorologique-Mondiale-2024-Bouake-L-Photo-de-famille-360x240.jpeg\"\/>                    <\/div>\n                <\/a>\n            <\/div>\n\n            <div class=\"vl-post-content\">\n                                <h3 class=\"vl-post-title\"><a href=\"https:\/\/sodexam.com\/?p=2901\">C\u00e9l\u00e9bration De La Journ\u00e9e M\u00e9t\u00e9orologique Mondiale 2024 \u00c0 Yamoussoukro Et Bouak\u00e9<\/a><\/h3>\n                            <div class=\"vl-post-metas\">\n                <span class=\"vl-posted-on\"><i class=\"mdi mdi-clock-time-four-outline\"><\/i>29 juin 2024<\/span>            <\/div>\n                                        <\/div>\n        <\/div>\n                <div class=\"vl-post-item ht-clearfix vp-module post-1113 post type-post status-publish format-standard has-post-thumbnail hentry category-meteorologie\">\n            <div class=\"vl-post-thumb\">\n                <a href=\"https:\/\/sodexam.com\/?p=1113\">\n                    <div class=\"vl-thumb-container\">\n                        <img decoding=\"async\" alt=\"METEOROLOGIE\" src=\"https:\/\/sodexam.com\/wp-content\/uploads\/2023\/11\/Vie-dentreprise-PROJET-VIGICLIM-Des-echanges-entre-la-SODEXAM-et-ses-partenaires.jpg\"\/>                    <\/div>\n                <\/a>\n            <\/div>\n\n            <div class=\"vl-post-content\">\n                                <h3 class=\"vl-post-title\"><a href=\"https:\/\/sodexam.com\/?p=1113\">PROJET VIGICLIM \/ LA SODEXAM \u00c9CHANGE AVEC SES PARTENAIRES<\/a><\/h3>\n                            <div class=\"vl-post-metas\">\n                <span class=\"vl-posted-on\"><i class=\"mdi mdi-clock-time-four-outline\"><\/i>20 novembre 2023<\/span>            <\/div>\n                                        <\/div>\n        <\/div>\n                <div class=\"vl-post-item ht-clearfix vp-module post-1033 post type-post status-publish format-standard has-post-thumbnail hentry category-aeroport category-eco-des-plateformes category-meteorologie\">\n            <div class=\"vl-post-thumb\">\n                <a href=\"https:\/\/sodexam.com\/?p=1033\">\n                    <div class=\"vl-thumb-container\">\n                        <img decoding=\"async\" alt=\"METEOROLOGIE\" src=\"https:\/\/sodexam.com\/wp-content\/uploads\/2023\/11\/Echos-des-plateformes-Yamoussoukro-Les-Techniciens-Meteo-de-toutes-les-plateformes-formees-a-lharmonisation-des-codes-METAR-ET-SYNOP.jpeg\"\/>                    <\/div>\n                <\/a>\n            <\/div>\n\n            <div class=\"vl-post-content\">\n                                <h3 class=\"vl-post-title\"><a href=\"https:\/\/sodexam.com\/?p=1033\">YAMOUSSOUKRO LES TECHNICIENS M\u00c9T\u00c9O DE TOUTES LES PLATEFORMES FORMES A L\u2019HARMONISATION DES CODES METAR ET SYNOP<\/a><\/h3>\n                            <div class=\"vl-post-metas\">\n                <span class=\"vl-posted-on\"><i class=\"mdi mdi-clock-time-four-outline\"><\/i>17 novembre 2023<\/span>            <\/div>\n                                        <\/div>\n        <\/div>\n        <\/div><\/div><!-- .block-inner --><\/div><!-- .block -->\t\t\t\t<\/div>\n\t\t\t\t<\/div>\n\t\t\t\t<div class=\"elementor-element elementor-element-6ab586d elementor-widget elementor-widget-heading\" data-id=\"6ab586d\" data-element_type=\"widget\" data-e-type=\"widget\" data-widget_type=\"heading.default\">\n\t\t\t\t<div class=\"elementor-widget-container\">\n\t\t\t\t\t<h3 class=\"elementor-heading-title elementor-size-default\">NOS BULLETINS<\/h3>\t\t\t\t<\/div>\n\t\t\t\t<\/div>\n\t\t\t\t<\/div>\n\t\t\t\t\t<\/div>\n\t\t\t\t<\/div>\n\t\t<div class=\"elementor-element elementor-element-0320ae8 e-grid e-con-boxed e-con e-parent\" data-id=\"0320ae8\" data-element_type=\"container\" data-e-type=\"container\">\n\t\t\t\t\t<div class=\"e-con-inner\">\n\t\t\t\t<div class=\"elementor-element elementor-element-49be67a elementor-widget elementor-widget-image\" data-id=\"49be67a\" data-element_type=\"widget\" data-e-type=\"widget\" data-widget_type=\"image.default\">\n\t\t\t\t<div class=\"elementor-widget-container\">\n\t\t\t\t\t\t\t\t\t\t\t\t<figure class=\"wp-caption\">\n\t\t\t\t\t\t\t\t\t\t<img fetchpriority=\"high\" decoding=\"async\" width=\"353\" height=\"496\" src=\"https:\/\/sodexam.com\/wp-content\/uploads\/2024\/01\/BULLETIN_FEUX_BROUSSE.png\" class=\"attachment-large size-large wp-image-1870\" alt=\"\" srcset=\"https:\/\/sodexam.com\/wp-content\/uploads\/2024\/01\/BULLETIN_FEUX_BROUSSE.png 353w, https:\/\/sodexam.com\/wp-content\/uploads\/2024\/01\/BULLETIN_FEUX_BROUSSE-214x300.png 214w\" sizes=\"(max-width: 353px) 100vw, 353px\" \/>\t\t\t\t\t\t\t\t\t\t\t<figcaption class=\"widget-image-caption wp-caption-text\"><\/figcaption>\n\t\t\t\t\t\t\t\t\t\t<\/figure>\n\t\t\t\t\t\t\t\t\t<\/div>\n\t\t\t\t<\/div>\n\t\t\t\t\t<\/div>\n\t\t\t\t<\/div>\n\t\t\t\t<\/div>\n\t\t","protected":false},"excerpt":{"rendered":"<p>ACTUALITES METEOROLOGIQUES Promotion des sciences chez les jeunes filles \u2013 Visite du groupe scolaire Dani\u00e9lou de Cocody 29 juin 2024 Atelier de restitution \u2013 La SODEXAM \u00e0 annonc\u00e9 les pr\u00e9visions de la prochaine saison pluvieuse 29 juin 2024 Projet VIGICLIMM \u2013 2\u00e8me R\u00e9union du Comit\u00e9 de Pilotage 29 juin 2024 Atelier National avec les m\u00e9dias [&hellip;]<\/p>\n","protected":false},"author":1,"featured_media":1108,"parent":0,"menu_order":0,"comment_status":"closed","ping_status":"closed","template":"","meta":{"footnotes":""},"class_list":["post-891","page","type-page","status-publish","has-post-thumbnail","hentry"],"_links":{"self":[{"href":"https:\/\/sodexam.com\/index.php?rest_route=\/wp\/v2\/pages\/891","targetHints":{"allow":["GET"]}}],"collection":[{"href":"https:\/\/sodexam.com\/index.php?rest_route=\/wp\/v2\/pages"}],"about":[{"href":"https:\/\/sodexam.com\/index.php?rest_route=\/wp\/v2\/types\/page"}],"author":[{"embeddable":true,"href":"https:\/\/sodexam.com\/index.php?rest_route=\/wp\/v2\/users\/1"}],"replies":[{"embeddable":true,"href":"https:\/\/sodexam.com\/index.php?rest_route=%2Fwp%2Fv2%2Fcomments&post=891"}],"version-history":[{"count":49,"href":"https:\/\/sodexam.com\/index.php?rest_route=\/wp\/v2\/pages\/891\/revisions"}],"predecessor-version":[{"id":3063,"href":"https:\/\/sodexam.com\/index.php?rest_route=\/wp\/v2\/pages\/891\/revisions\/3063"}],"wp:featuredmedia":[{"embeddable":true,"href":"https:\/\/sodexam.com\/index.php?rest_route=\/wp\/v2\/media\/1108"}],"wp:attachment":[{"href":"https:\/\/sodexam.com\/index.php?rest_route=%2Fwp%2Fv2%2Fmedia&parent=891"}],"curies":[{"name":"wp","href":"https:\/\/api.w.org\/{rel}","templated":true}]}}