{"id":893,"date":"2023-11-06T11:42:03","date_gmt":"2023-11-06T10:42:03","guid":{"rendered":"http:\/\/localhost\/sitetest\/?page_id=893"},"modified":"2023-11-17T10:10:43","modified_gmt":"2023-11-17T09:10:43","slug":"a-propos","status":"publish","type":"page","link":"https:\/\/sodexam.com\/?page_id=893","title":{"rendered":"QUI SOMMES NOUS"},"content":{"rendered":"\t\t<div data-elementor-type=\"wp-page\" data-elementor-id=\"893\" class=\"elementor elementor-893\" data-elementor-post-type=\"page\">\n\t\t\t\t<div class=\"elementor-element elementor-element-3795a2b e-flex e-con-boxed e-con e-parent\" data-id=\"3795a2b\" data-element_type=\"container\" data-e-type=\"container\">\n\t\t\t\t\t<div class=\"e-con-inner\">\n\t\t\t\t<div class=\"elementor-element elementor-element-777ada2 elementor-widget elementor-widget-text-editor\" data-id=\"777ada2\" data-element_type=\"widget\" data-e-type=\"widget\" data-widget_type=\"text-editor.default\">\n\t\t\t\t<div class=\"elementor-widget-container\">\n\t\t\t\t\t\t\t\t\t<h4><strong>I- PRESENTATION GENERALE DE LA SODEXAM<\/strong><\/h4><p>La Soci\u00e9t\u00e9 d\u2019Exploitation et de D\u00e9veloppement A\u00e9roportuaire, A\u00e9ronautique et M\u00e9t\u00e9orologique (SODEXAM) est une soci\u00e9t\u00e9 d\u2019\u00c9tat cr\u00e9\u00e9e par le d\u00e9cret n\u00b097-228 du 16 avril 1997 suite \u00e0 la dissolution de l\u2019Agence Nationale de Aviation civile et de la M\u00e9t\u00e9orologie (ANAM). Elle dispose d\u2019un capital social d\u2019un milliard de francs (1.000.000.000 FCFA) constitu\u00e9 par apports en nature des biens meubles et immeubles de l\u2019ex-ANAM. Elle a commenc\u00e9 \u00e0 fonctionner \u00e0 partir de janvier 1998.<\/p><p>Elle est responsable de la gestion, de l\u2019exploitation et du d\u00e9veloppement des a\u00e9roports, de la m\u00e9t\u00e9orologie et des activit\u00e9s a\u00e9ronautiques en C\u00f4te d\u2019Ivoire, conform\u00e9ment au dit d\u00e9cret apr\u00e8s. Son si\u00e8ge social est \u00e0 Abidjan Port-Bou\u00ebt, route de l\u2019A\u00e9roport International F\u00e9lix Houphou\u00ebt Boigny d\u2019Abidjan.<\/p><p>Le personnel exerce en horaire normal et en horaire continu H24, avec service de quart, pour des n\u00e9cessit\u00e9s de permanence de fonctionnement et de s\u00e9curit\u00e9 \u00e0 ABIDJAN, ADIAKE, BOUAKE, BONDOUKOU, DALOA, DIMBOKRO, GAGNOA, KORHOGO, MAN, ODIENNE, SAN PEDRO, SASSANDRA, TABOU, YAMOUSSOUKRO.<\/p><p>Les ressources de la soci\u00e9t\u00e9 sont, en particulier constitu\u00e9es par :<\/p><ul><li>Les produits des redevances pour services rendus ;<\/li><li>Les dotations et subventions des budgets de l\u2019\u00c9tat ;<\/li><li>Les redevances du service conc\u00e9d\u00e9 de l\u2019A\u00e9roport d\u2019Abidjan.<\/li><\/ul><h4>II- STATUT JURIDIQUE<\/h4><p>La SODEXAM est une soci\u00e9t\u00e9 d\u2019\u00e9tat avec une autonomie financi\u00e8re. Elle pratique de ce fait une comptabilit\u00e9 priv\u00e9e. Elle a une forme commerciale et est plac\u00e9e sous la tutelle technique du Minist\u00e8re en charge des Transports et sous la tutelle financi\u00e8re du Minist\u00e8re en charge de l\u2019\u00c9conomie et des Finances.<\/p><h4><strong>III- LES MISSIONS<\/strong><\/h4><p>La SODEXAM est charg\u00e9e de :<\/p><ul><li>G\u00e9rer les services de contr\u00f4le de la circulation a\u00e9rienne, de s\u00e9curit\u00e9 incendie, de la m\u00e9t\u00e9orologie a\u00e9ronautique et des t\u00e9l\u00e9communications a\u00e9ronautiques, des aides terminales, de l\u2019entretien des pistes et installations sur les a\u00e9roports ivoiriens ouverts \u00e0 la Circulation A\u00e9rienne Publique, \u00e0 l\u2019exception des attributions de l\u2019Agence pour la S\u00e9curit\u00e9 de la Navigation A\u00e9rienne en Afrique et \u00e0 Madagascar (ASECNA), telles que d\u00e9finies \u00e0 l\u2019article 2 de la Convention de DAKAR ;<\/li><li>G\u00e9rer, au nom et pour le compte de l\u2019Etat, les infrastructures a\u00e9roportuaires, a\u00e9ronautiques et m\u00e9t\u00e9orologiques ;<\/li><li>G\u00e9rer les aires de mouvements et les installations commerciales sur les a\u00e9roports ivoiriens ouverts \u00e0 la Circulation A\u00e9rienne Publique, \u00e0 l\u2019exception des a\u00e9roports conc\u00e9d\u00e9s ;<\/li><li>Mener et coordonner les activit\u00e9s d\u2019observations, d\u2019\u00e9tudes et de pr\u00e9visions en m\u00e9t\u00e9orologie et dans les secteurs sp\u00e9cialis\u00e9s de la m\u00e9t\u00e9orologie ;<\/li><li>Etudier et r\u00e9aliser, dans les limites de ses ressources et sur l\u2019accord des Ministres de tutelle, les investissements a\u00e9ronautiques, a\u00e9roportuaires et m\u00e9t\u00e9orologiques ;<\/li><li>Ex\u00e9cuter des projets a\u00e9ronautiques, a\u00e9roportuaires et m\u00e9t\u00e9orologiques financ\u00e9s par l\u2019Etat ;<\/li><li>G\u00e9rer les activit\u00e9s d\u2019assistance au sol sur les a\u00e9roports ouverts \u00e0 la Circulation A\u00e9rienne Publique, sous r\u00e9serve des conventions existantes ;<\/li><li>Suivre et contr\u00f4ler les concessions d\u2019a\u00e9roports ;<\/li><li>\u00c9tablir les sch\u00e9mas directeurs des a\u00e9roports ouverts \u00e0 la Circulation A\u00e9rienne Publique ;<\/li><li>Coordonner les activit\u00e9s de tous les services publics et priv\u00e9s concernant l\u2019exploitation des a\u00e9roports ;<\/li><li>G\u00e9rer l\u2019occupation du domaine public a\u00e9roportuaire non conc\u00e9d\u00e9 ;<\/li><li>Assurer la supervision des activit\u00e9s du concessionnaire de l\u2019A\u00e9roport International F\u00e9lix HOUPHOUET BOIGNY d\u2019Abidjan en relation avec les autres services de l\u2019Administration ;<\/li><li>Assurer dans le domaine de sa comp\u00e9tence, les relations avec les organismes internationaux ; Et g\u00e9n\u00e9ralement, de toutes op\u00e9rations industrielles, commerciales, mobili\u00e8res, immobili\u00e8res et financi\u00e8res permettant de d\u00e9velopper les a\u00e9roports et les stations m\u00e9t\u00e9orologiques de l\u2019int\u00e9rieur du pays et, ou se rattachant directement ou indirectement \u00e0 son activit\u00e9.<\/li><\/ul><h4><strong>IV- LE CONSEIL D\u2019ADMINISTRATION (CA)<\/strong><\/h4><p>Le Conseil d\u2019Administration d\u00e9termine les orientations de l\u2019activit\u00e9 de la soci\u00e9t\u00e9 et veille \u00e0 leur mise en \u0153uvre, sous r\u00e9serve des pouvoirs express\u00e9ment attribu\u00e9s \u00e0 l\u2019Assembl\u00e9e G\u00e9n\u00e9rale et \u00e0 la Direction G\u00e9n\u00e9rale. Compos\u00e9 de sept (7) membres nomm\u00e9s par d\u00e9cret n\u00b02014-600 du 16 octobre 2014, il se r\u00e9unit par trimestre. Chaque membre est un repr\u00e9sentant de tous les ministres du comit\u00e9 interminist\u00e9riel de l\u2019aviation civile. Le conseil d\u2019administration est dirig\u00e9 par un pr\u00e9sident, il comprend :<\/p><ul><li>Un repr\u00e9sentant du Pr\u00e9sident de la R\u00e9publique ;<\/li><li>Un repr\u00e9sentant du Premier Ministre ;<\/li><li>Un repr\u00e9sentant du Ministre en charge des Transports ;<\/li><li>Un repr\u00e9sentant du Ministre en charge de l\u2019\u00c9conomie et des Finances ;<\/li><li>Un repr\u00e9sentant du Ministre en charge de l\u2019Int\u00e9rieur et de la s\u00e9curit\u00e9 ;<\/li><li>Un repr\u00e9sentant du Ministre en charge des Infrastructures \u00c9conomiques ;<\/li><li>Un repr\u00e9sentant du Ministre en charge du Budget et du Portefeuille de l\u2019\u00c9tat.<\/li><\/ul>\t\t\t\t\t\t\t\t<\/div>\n\t\t\t\t<\/div>\n\t\t\t\t\t<\/div>\n\t\t\t\t<\/div>\n\t\t\t\t<\/div>\n\t\t","protected":false},"excerpt":{"rendered":"<p>I- PRESENTATION GENERALE DE LA SODEXAM La Soci\u00e9t\u00e9 d\u2019Exploitation et de D\u00e9veloppement A\u00e9roportuaire, A\u00e9ronautique et M\u00e9t\u00e9orologique (SODEXAM) est une soci\u00e9t\u00e9 d\u2019\u00c9tat cr\u00e9\u00e9e par le d\u00e9cret n\u00b097-228 du 16 avril 1997 suite \u00e0 la dissolution de l\u2019Agence Nationale de Aviation civile et de la M\u00e9t\u00e9orologie (ANAM). Elle dispose d\u2019un capital social d\u2019un milliard de francs (1.000.000.000 [&hellip;]<\/p>\n","protected":false},"author":1,"featured_media":0,"parent":0,"menu_order":0,"comment_status":"closed","ping_status":"closed","template":"","meta":{"footnotes":""},"class_list":["post-893","page","type-page","status-publish","hentry"],"_links":{"self":[{"href":"https:\/\/sodexam.com\/index.php?rest_route=\/wp\/v2\/pages\/893","targetHints":{"allow":["GET"]}}],"collection":[{"href":"https:\/\/sodexam.com\/index.php?rest_route=\/wp\/v2\/pages"}],"about":[{"href":"https:\/\/sodexam.com\/index.php?rest_route=\/wp\/v2\/types\/page"}],"author":[{"embeddable":true,"href":"https:\/\/sodexam.com\/index.php?rest_route=\/wp\/v2\/users\/1"}],"replies":[{"embeddable":true,"href":"https:\/\/sodexam.com\/index.php?rest_route=%2Fwp%2Fv2%2Fcomments&post=893"}],"version-history":[{"count":4,"href":"https:\/\/sodexam.com\/index.php?rest_route=\/wp\/v2\/pages\/893\/revisions"}],"predecessor-version":[{"id":1047,"href":"https:\/\/sodexam.com\/index.php?rest_route=\/wp\/v2\/pages\/893\/revisions\/1047"}],"wp:attachment":[{"href":"https:\/\/sodexam.com\/index.php?rest_route=%2Fwp%2Fv2%2Fmedia&parent=893"}],"curies":[{"name":"wp","href":"https:\/\/api.w.org\/{rel}","templated":true}]}}