{"id":900,"date":"2023-11-06T11:43:51","date_gmt":"2023-11-06T10:43:51","guid":{"rendered":"http:\/\/localhost\/sitetest\/?page_id=900"},"modified":"2024-01-18T00:06:35","modified_gmt":"2024-01-17T23:06:35","slug":"contact-2","status":"publish","type":"page","link":"https:\/\/sodexam.com\/?page_id=900","title":{"rendered":"CONTACTS"},"content":{"rendered":"\t\t<div data-elementor-type=\"wp-page\" data-elementor-id=\"900\" class=\"elementor elementor-900\" data-elementor-post-type=\"page\">\n\t\t\t\t<div class=\"elementor-element elementor-element-9f103d7 e-flex e-con-boxed e-con e-parent\" data-id=\"9f103d7\" data-element_type=\"container\" data-e-type=\"container\">\n\t\t\t\t\t<div class=\"e-con-inner\">\n\t\t<div class=\"elementor-element elementor-element-87e914a e-con-full e-flex e-con e-child\" data-id=\"87e914a\" data-element_type=\"container\" data-e-type=\"container\">\n\t\t\t\t<\/div>\n\t\t<div class=\"elementor-element elementor-element-71c01ed e-con-full e-flex e-con e-child\" data-id=\"71c01ed\" data-element_type=\"container\" data-e-type=\"container\">\n\t\t\t\t<div class=\"elementor-element elementor-element-87adba5 elementor-widget elementor-widget-text-editor\" data-id=\"87adba5\" data-element_type=\"widget\" data-e-type=\"widget\" data-widget_type=\"text-editor.default\">\n\t\t\t\t<div class=\"elementor-widget-container\">\n\t\t\t\t\t\t\t\t\t<p>SOCIETE D&rsquo;EXPLOITATION ET DE DEVELOPPEMENT AEROPORTUAIRE, AERONAUTIQUE ET METEOROLOGIQUE<\/p><p>E-mail : service.courrier@sodexam.ci\u00a0<\/p><p>www.sodexam.com<\/p><p>Abidjan Port-Bou\u00ebt &#8211; Boulevard de l&rsquo;A\u00e9roport 15 B.P. 990 ABIDJAN 15<\/p><p>T\u00e9l. 27.21.58.62.94 \/ 27.21.58.62.96<\/p><p>Fax: 27.21.27.73.74\u00a0<\/p>\t\t\t\t\t\t\t\t<\/div>\n\t\t\t\t<\/div>\n\t\t\t\t<div class=\"elementor-element elementor-element-c5dbb21 elementor-widget elementor-widget-google_maps\" data-id=\"c5dbb21\" data-element_type=\"widget\" data-e-type=\"widget\" data-widget_type=\"google_maps.default\">\n\t\t\t\t<div class=\"elementor-widget-container\">\n\t\t\t\t\t\t\t<div class=\"elementor-custom-embed\">\n\t\t\t<iframe loading=\"lazy\"\n\t\t\t\t\tsrc=\"https:\/\/maps.google.com\/maps?q=SODEXAM&#038;t=m&#038;z=15&#038;output=embed&#038;iwloc=near\"\n\t\t\t\t\ttitle=\"SODEXAM\"\n\t\t\t\t\taria-label=\"SODEXAM\"\n\t\t\t><\/iframe>\n\t\t<\/div>\n\t\t\t\t\t\t<\/div>\n\t\t\t\t<\/div>\n\t\t\t\t<\/div>\n\t\t\t\t\t<\/div>\n\t\t\t\t<\/div>\n\t\t\t\t<\/div>\n\t\t","protected":false},"excerpt":{"rendered":"<p>Votre nom Votre e-mail Objet Votre message (facultatif) SOCIETE D&rsquo;EXPLOITATION ET DE DEVELOPPEMENT AEROPORTUAIRE, AERONAUTIQUE ET METEOROLOGIQUE E-mail : service.courrier@sodexam.ci\u00a0 www.sodexam.com Abidjan Port-Bou\u00ebt &#8211; Boulevard de l&rsquo;A\u00e9roport 15 B.P. 990 ABIDJAN 15 T\u00e9l. 27.21.58.62.94 \/ 27.21.58.62.96 Fax: 27.21.27.73.74\u00a0<\/p>\n","protected":false},"author":1,"featured_media":0,"parent":0,"menu_order":0,"comment_status":"closed","ping_status":"closed","template":"","meta":{"footnotes":""},"class_list":["post-900","page","type-page","status-publish","hentry"],"_links":{"self":[{"href":"https:\/\/sodexam.com\/index.php?rest_route=\/wp\/v2\/pages\/900","targetHints":{"allow":["GET"]}}],"collection":[{"href":"https:\/\/sodexam.com\/index.php?rest_route=\/wp\/v2\/pages"}],"about":[{"href":"https:\/\/sodexam.com\/index.php?rest_route=\/wp\/v2\/types\/page"}],"author":[{"embeddable":true,"href":"https:\/\/sodexam.com\/index.php?rest_route=\/wp\/v2\/users\/1"}],"replies":[{"embeddable":true,"href":"https:\/\/sodexam.com\/index.php?rest_route=%2Fwp%2Fv2%2Fcomments&post=900"}],"version-history":[{"count":13,"href":"https:\/\/sodexam.com\/index.php?rest_route=\/wp\/v2\/pages\/900\/revisions"}],"predecessor-version":[{"id":2173,"href":"https:\/\/sodexam.com\/index.php?rest_route=\/wp\/v2\/pages\/900\/revisions\/2173"}],"wp:attachment":[{"href":"https:\/\/sodexam.com\/index.php?rest_route=%2Fwp%2Fv2%2Fmedia&parent=900"}],"curies":[{"name":"wp","href":"https:\/\/api.w.org\/{rel}","templated":true}]}}